{"id":867,"date":"2023-08-09T12:51:02","date_gmt":"2023-08-09T09:51:02","guid":{"rendered":"https:\/\/barbarosgyg.com\/?page_id=867"},"modified":"2023-10-30T09:12:10","modified_gmt":"2023-10-30T06:12:10","slug":"gayrimenkul-gelistirme-uzmani","status":"publish","type":"page","link":"https:\/\/barbarosgyg.com\/en\/gayrimenkul-gelistirme-uzmani\/","title":{"rendered":"Real Estate Development Specialist"},"content":{"rendered":"<div data-elementor-type=\"wp-page\" data-elementor-id=\"867\" class=\"elementor elementor-867\" data-elementor-post-type=\"page\">\n\t\t\t\t<div class=\"elementor-element elementor-element-4211e2bb e-flex e-con-boxed e-con e-parent\" data-id=\"4211e2bb\" data-element_type=\"container\" data-e-type=\"container\">\n\t\t\t\t\t<div class=\"e-con-inner\">\n\t\t<div class=\"elementor-element elementor-element-2060da6a e-flex e-con-boxed e-con e-child\" data-id=\"2060da6a\" data-element_type=\"container\" data-e-type=\"container\">\n\t\t\t\t\t<div class=\"e-con-inner\">\n\t\t\t\t<div class=\"elementor-element elementor-element-14a284e2 elementor-widget elementor-widget-image\" data-id=\"14a284e2\" data-element_type=\"widget\" data-e-type=\"widget\" data-widget_type=\"image.default\">\n\t\t\t\t\t\t\t\t\t\t\t\t\t\t\t<img fetchpriority=\"high\" decoding=\"async\" width=\"1170\" height=\"370\" src=\"https:\/\/barbarosgyg.com\/wp-content\/uploads\/2023\/08\/insan-kaynaklari-2-1.png\" class=\"attachment-full size-full wp-image-114\" alt=\"\" srcset=\"https:\/\/barbarosgyg.com\/wp-content\/uploads\/2023\/08\/insan-kaynaklari-2-1.png 1170w, https:\/\/barbarosgyg.com\/wp-content\/uploads\/2023\/08\/insan-kaynaklari-2-1-300x95.png 300w, https:\/\/barbarosgyg.com\/wp-content\/uploads\/2023\/08\/insan-kaynaklari-2-1-1024x324.png 1024w, https:\/\/barbarosgyg.com\/wp-content\/uploads\/2023\/08\/insan-kaynaklari-2-1-768x243.png 768w\" sizes=\"(max-width: 1170px) 100vw, 1170px\" \/>\t\t\t\t\t\t\t\t\t\t\t\t\t\t\t<\/div>\n\t\t\t\t<div class=\"elementor-element elementor-element-79f39fcd elementor-widget elementor-widget-heading\" data-id=\"79f39fcd\" data-element_type=\"widget\" data-e-type=\"widget\" data-widget_type=\"heading.default\">\n\t\t\t\t\t<h2 class=\"elementor-heading-title elementor-size-default\">Real Estate Development Specialist<\/h2>\t\t\t\t<\/div>\n\t\t\t\t<div class=\"elementor-element elementor-element-583009b2 elementor-widget elementor-widget-text-editor\" data-id=\"583009b2\" data-element_type=\"widget\" data-e-type=\"widget\" data-widget_type=\"text-editor.default\">\n\t\t\t\t\t\t\t\t\t<p>We are looking for Real Estate Development Specialists who are experienced in market analysis, project development and evaluation, and who closely follow sector trends. <strong>At Barbaros Investment,<\/strong>\u2018s vision.<\/p><p><em>Responsibilities:<\/em><\/p><ul><li>Market analysis and research.<\/li><li>Development and evaluation of real estate projects.<\/li><li>Evaluating and reporting on investment opportunities.<\/li><\/ul><p><em>Required Qualifications:<\/em><\/p><ul><li>Graduated from real estate, business administration or related departments.<\/li><li>Experience in market analysis.<\/li><li>Good knowledge of English.<\/li><li>Ability to think strategically.<\/li><\/ul><p><strong>Barbaros Investment\u2019<\/strong>'s pioneering team, make a difference in real estate. If you want to take part in this fascinating journey, we are waiting for your application.<\/p>\t\t\t\t\t\t\t\t<\/div>\n\t\t\t\t<div class=\"elementor-element elementor-element-2c3be711 elementor-widget elementor-widget-button\" data-id=\"2c3be711\" data-element_type=\"widget\" data-e-type=\"widget\" data-widget_type=\"button.default\">\n\t\t\t\t\t\t\t\t\t\t<a class=\"elementor-button elementor-button-link elementor-size-sm\" href=\"https:\/\/barbarosgyg.com\/en\/basvuru-formu\/\">\n\t\t\t\t\t\t<span class=\"elementor-button-content-wrapper\">\n\t\t\t\t\t\t\t\t\t<span class=\"elementor-button-text\">Apply, Change Tomorrow<\/span>\n\t\t\t\t\t<\/span>\n\t\t\t\t\t<\/a>\n\t\t\t\t\t\t\t\t<\/div>\n\t\t\t\t\t<\/div>\n\t\t\t\t<\/div>\n\t\t\t\t\t<\/div>\n\t\t\t\t<\/div>\n\t\t\t\t<\/div>","protected":false},"excerpt":{"rendered":"<p>Gayrimenkul Geli\u015ftirme Uzman\u0131 Pazar analizi, proje geli\u015ftirme ve de\u011ferlendirme konular\u0131nda deneyimli, sekt\u00f6r trendlerini yak\u0131ndan takip eden Gayrimenkul Geli\u015ftirme Uzmanlar\u0131 aramaktay\u0131z. Barbaros Yat\u0131r\u0131m&#8216;\u0131n vizyonuna ortak olun. Sorumluluklar: Pazar analizi ve ara\u015ft\u0131rmalar\u0131. Gayrimenkul projelerinin geli\u015ftirilmesi ve de\u011ferlendirilmesi. Yat\u0131r\u0131m f\u0131rsatlar\u0131n\u0131 de\u011ferlendirme ve raporlama. Aranan Nitelikler: Gayrimenkul, i\u015fletme veya ilgili b\u00f6l\u00fcmlerden mezun. Pazar analizi konusunda deneyim. \u0130yi derecede \u0130ngilizce [&hellip;]<\/p>\n","protected":false},"author":1,"featured_media":0,"parent":0,"menu_order":0,"comment_status":"closed","ping_status":"closed","template":"","meta":{"iawp_total_views":4,"footnotes":""},"class_list":["post-867","page","type-page","status-publish","hentry"],"_links":{"self":[{"href":"https:\/\/barbarosgyg.com\/en\/wp-json\/wp\/v2\/pages\/867","targetHints":{"allow":["GET"]}}],"collection":[{"href":"https:\/\/barbarosgyg.com\/en\/wp-json\/wp\/v2\/pages"}],"about":[{"href":"https:\/\/barbarosgyg.com\/en\/wp-json\/wp\/v2\/types\/page"}],"author":[{"embeddable":true,"href":"https:\/\/barbarosgyg.com\/en\/wp-json\/wp\/v2\/users\/1"}],"replies":[{"embeddable":true,"href":"https:\/\/barbarosgyg.com\/en\/wp-json\/wp\/v2\/comments?post=867"}],"version-history":[{"count":0,"href":"https:\/\/barbarosgyg.com\/en\/wp-json\/wp\/v2\/pages\/867\/revisions"}],"wp:attachment":[{"href":"https:\/\/barbarosgyg.com\/en\/wp-json\/wp\/v2\/media?parent=867"}],"curies":[{"name":"wp","href":"https:\/\/api.w.org\/{rel}","templated":true}]}}