{"id":861,"date":"2023-08-09T12:49:09","date_gmt":"2023-08-09T09:49:09","guid":{"rendered":"https:\/\/barbarosgyg.com\/?page_id=861"},"modified":"2023-10-30T09:11:50","modified_gmt":"2023-10-30T06:11:50","slug":"harita-muhendisi","status":"publish","type":"page","link":"https:\/\/barbarosgyg.com\/en\/harita-muhendisi\/","title":{"rendered":"Map Engineer"},"content":{"rendered":"<div data-elementor-type=\"wp-page\" data-elementor-id=\"861\" class=\"elementor elementor-861\" data-elementor-post-type=\"page\">\n\t\t\t\t<div class=\"elementor-element elementor-element-340eb8ee e-flex e-con-boxed e-con e-parent\" data-id=\"340eb8ee\" data-element_type=\"container\" data-e-type=\"container\">\n\t\t\t\t\t<div class=\"e-con-inner\">\n\t\t<div class=\"elementor-element elementor-element-57b408b8 e-flex e-con-boxed e-con e-child\" data-id=\"57b408b8\" data-element_type=\"container\" data-e-type=\"container\">\n\t\t\t\t\t<div class=\"e-con-inner\">\n\t\t\t\t<div class=\"elementor-element elementor-element-1c74dd1e elementor-widget elementor-widget-image\" data-id=\"1c74dd1e\" data-element_type=\"widget\" data-e-type=\"widget\" data-widget_type=\"image.default\">\n\t\t\t\t\t\t\t\t\t\t\t\t\t\t\t<img fetchpriority=\"high\" decoding=\"async\" width=\"1170\" height=\"370\" src=\"https:\/\/barbarosgyg.com\/wp-content\/uploads\/2023\/08\/insan-kaynaklari-2-1.png\" class=\"attachment-full size-full wp-image-114\" alt=\"\" srcset=\"https:\/\/barbarosgyg.com\/wp-content\/uploads\/2023\/08\/insan-kaynaklari-2-1.png 1170w, https:\/\/barbarosgyg.com\/wp-content\/uploads\/2023\/08\/insan-kaynaklari-2-1-300x95.png 300w, https:\/\/barbarosgyg.com\/wp-content\/uploads\/2023\/08\/insan-kaynaklari-2-1-1024x324.png 1024w, https:\/\/barbarosgyg.com\/wp-content\/uploads\/2023\/08\/insan-kaynaklari-2-1-768x243.png 768w\" sizes=\"(max-width: 1170px) 100vw, 1170px\" \/>\t\t\t\t\t\t\t\t\t\t\t\t\t\t\t<\/div>\n\t\t\t\t<div class=\"elementor-element elementor-element-5b1c2e29 elementor-widget elementor-widget-heading\" data-id=\"5b1c2e29\" data-element_type=\"widget\" data-e-type=\"widget\" data-widget_type=\"heading.default\">\n\t\t\t\t\t<h2 class=\"elementor-heading-title elementor-size-default\">Map Engineer<\/h2>\t\t\t\t<\/div>\n\t\t\t\t<div class=\"elementor-element elementor-element-4ba5b9f6 elementor-widget elementor-widget-text-editor\" data-id=\"4ba5b9f6\" data-element_type=\"widget\" data-e-type=\"widget\" data-widget_type=\"text-editor.default\">\n\t\t\t\t\t\t\t\t\t<p>We are looking for Mapping Engineers who will work in a wide range of areas from land surveying to planning processes and have a good command of technological developments. <strong>At Barbaros Investment,<\/strong> and shape the future.<\/p><p><em>Responsibilities:<\/em><\/p><ul><li>Land measurements and mapping.<\/li><li>Project-based planning and coordination.<\/li><li>Following technological developments.<\/li><\/ul><p><em>Required Qualifications:<\/em><\/p><ul><li>Graduated from the Department of Surveying Engineering.<\/li><li>Experience in GIS.<\/li><li>Analytical thinking ability.<\/li><li>2 years of experience in a similar position.<\/li><\/ul><p><strong>At Barbaros Investment,<\/strong>\u2018s professional team, leave a mark with your maps. We are waiting for you to draw the map of the future together.<\/p>\t\t\t\t\t\t\t\t<\/div>\n\t\t\t\t<div class=\"elementor-element elementor-element-37504676 elementor-widget elementor-widget-button\" data-id=\"37504676\" data-element_type=\"widget\" data-e-type=\"widget\" data-widget_type=\"button.default\">\n\t\t\t\t\t\t\t\t\t\t<a class=\"elementor-button elementor-button-link elementor-size-sm\" href=\"https:\/\/barbarosgyg.com\/en\/basvuru-formu\/\">\n\t\t\t\t\t\t<span class=\"elementor-button-content-wrapper\">\n\t\t\t\t\t\t\t\t\t<span class=\"elementor-button-text\">Apply, Change Tomorrow<\/span>\n\t\t\t\t\t<\/span>\n\t\t\t\t\t<\/a>\n\t\t\t\t\t\t\t\t<\/div>\n\t\t\t\t\t<\/div>\n\t\t\t\t<\/div>\n\t\t\t\t\t<\/div>\n\t\t\t\t<\/div>\n\t\t\t\t<\/div>","protected":false},"excerpt":{"rendered":"<p>Harita M\u00fchendisi Arazi \u00f6l\u00e7\u00fcm\u00fcnden planlama s\u00fcre\u00e7lerine, geni\u015f bir yelpazede g\u00f6rev alacak, teknolojik geli\u015fmelere hakim Harita M\u00fchendisleri aray\u0131\u015f\u0131m\u0131zda. Barbaros Yat\u0131r\u0131m ile gelece\u011fi \u015fekillendirin. Sorumluluklar: Arazi \u00f6l\u00e7\u00fcmleri ve haritalama. Proje bazl\u0131 planlama ve koordinasyon. Teknolojik geli\u015fmeleri takip etme. Aranan Nitelikler: Harita M\u00fchendisli\u011fi b\u00f6l\u00fcm\u00fc mezunu. CBS konusunda deneyim. Analitik d\u00fc\u015f\u00fcnme yetene\u011fi. 2 y\u0131l benzer pozisyonda deneyim. Barbaros Yat\u0131r\u0131m&#8216;\u0131n [&hellip;]<\/p>\n","protected":false},"author":1,"featured_media":0,"parent":0,"menu_order":0,"comment_status":"closed","ping_status":"closed","template":"","meta":{"iawp_total_views":14,"footnotes":""},"class_list":["post-861","page","type-page","status-publish","hentry"],"_links":{"self":[{"href":"https:\/\/barbarosgyg.com\/en\/wp-json\/wp\/v2\/pages\/861","targetHints":{"allow":["GET"]}}],"collection":[{"href":"https:\/\/barbarosgyg.com\/en\/wp-json\/wp\/v2\/pages"}],"about":[{"href":"https:\/\/barbarosgyg.com\/en\/wp-json\/wp\/v2\/types\/page"}],"author":[{"embeddable":true,"href":"https:\/\/barbarosgyg.com\/en\/wp-json\/wp\/v2\/users\/1"}],"replies":[{"embeddable":true,"href":"https:\/\/barbarosgyg.com\/en\/wp-json\/wp\/v2\/comments?post=861"}],"version-history":[{"count":0,"href":"https:\/\/barbarosgyg.com\/en\/wp-json\/wp\/v2\/pages\/861\/revisions"}],"wp:attachment":[{"href":"https:\/\/barbarosgyg.com\/en\/wp-json\/wp\/v2\/media?parent=861"}],"curies":[{"name":"wp","href":"https:\/\/api.w.org\/{rel}","templated":true}]}}