{"id":852,"date":"2023-08-09T12:45:26","date_gmt":"2023-08-09T09:45:26","guid":{"rendered":"https:\/\/barbarosgyg.com\/?page_id=852"},"modified":"2023-10-30T09:11:32","modified_gmt":"2023-10-30T06:11:32","slug":"mimar","status":"publish","type":"page","link":"https:\/\/barbarosgyg.com\/en\/mimar\/","title":{"rendered":"Architect"},"content":{"rendered":"<div data-elementor-type=\"wp-page\" data-elementor-id=\"852\" class=\"elementor elementor-852\" data-elementor-post-type=\"page\">\n\t\t\t\t<div class=\"elementor-element elementor-element-6b4cdfe9 e-flex e-con-boxed e-con e-parent\" data-id=\"6b4cdfe9\" data-element_type=\"container\" data-e-type=\"container\">\n\t\t\t\t\t<div class=\"e-con-inner\">\n\t\t<div class=\"elementor-element elementor-element-1b36e65f e-flex e-con-boxed e-con e-child\" data-id=\"1b36e65f\" data-element_type=\"container\" data-e-type=\"container\">\n\t\t\t\t\t<div class=\"e-con-inner\">\n\t\t\t\t<div class=\"elementor-element elementor-element-660055a2 elementor-widget elementor-widget-image\" data-id=\"660055a2\" data-element_type=\"widget\" data-e-type=\"widget\" data-widget_type=\"image.default\">\n\t\t\t\t\t\t\t\t\t\t\t\t\t\t\t<img fetchpriority=\"high\" decoding=\"async\" width=\"1170\" height=\"370\" src=\"https:\/\/barbarosgyg.com\/wp-content\/uploads\/2023\/08\/insan-kaynaklari-2-1.png\" class=\"attachment-full size-full wp-image-114\" alt=\"\" srcset=\"https:\/\/barbarosgyg.com\/wp-content\/uploads\/2023\/08\/insan-kaynaklari-2-1.png 1170w, https:\/\/barbarosgyg.com\/wp-content\/uploads\/2023\/08\/insan-kaynaklari-2-1-300x95.png 300w, https:\/\/barbarosgyg.com\/wp-content\/uploads\/2023\/08\/insan-kaynaklari-2-1-1024x324.png 1024w, https:\/\/barbarosgyg.com\/wp-content\/uploads\/2023\/08\/insan-kaynaklari-2-1-768x243.png 768w\" sizes=\"(max-width: 1170px) 100vw, 1170px\" \/>\t\t\t\t\t\t\t\t\t\t\t\t\t\t\t<\/div>\n\t\t\t\t<div class=\"elementor-element elementor-element-486779a9 elementor-widget elementor-widget-heading\" data-id=\"486779a9\" data-element_type=\"widget\" data-e-type=\"widget\" data-widget_type=\"heading.default\">\n\t\t\t\t\t<h2 class=\"elementor-heading-title elementor-size-default\">Architect<\/h2>\t\t\t\t<\/div>\n\t\t\t\t<div class=\"elementor-element elementor-element-caffd10 elementor-widget elementor-widget-text-editor\" data-id=\"caffd10\" data-element_type=\"widget\" data-e-type=\"widget\" data-widget_type=\"text-editor.default\">\n\t\t\t\t\t\t\t\t\t<p>We are looking for innovative Architects with a good eye for detail to work on projects that combine aesthetics and functionality. <strong>At Barbaros Investment,<\/strong>\u2018s prestigious projects.<\/p><p><em>Responsibilities:<\/em><\/p><ul><li>Managing design and implementation projects.<\/li><li>Coordination with client and contractor.<\/li><li>Following and implementing new design trends.<\/li><\/ul><p><em>Required Qualifications:<\/em><\/p><ul><li>Graduated in architecture.<\/li><li>Good command of 3D design programs.<\/li><li>2 years of professional experience.<\/li><li>Creative and detail-oriented.<\/li><\/ul><p><strong>Barbaros Investment\u2019<\/strong>s visionary team, turn your architectural dreams into reality. We will be happy to see you among us.<\/p>\t\t\t\t\t\t\t\t<\/div>\n\t\t\t\t<div class=\"elementor-element elementor-element-46fe865e elementor-widget elementor-widget-button\" data-id=\"46fe865e\" data-element_type=\"widget\" data-e-type=\"widget\" data-widget_type=\"button.default\">\n\t\t\t\t\t\t\t\t\t\t<a class=\"elementor-button elementor-button-link elementor-size-sm\" href=\"https:\/\/barbarosgyg.com\/en\/basvuru-formu\/\">\n\t\t\t\t\t\t<span class=\"elementor-button-content-wrapper\">\n\t\t\t\t\t\t\t\t\t<span class=\"elementor-button-text\">Apply, Change Tomorrow<\/span>\n\t\t\t\t\t<\/span>\n\t\t\t\t\t<\/a>\n\t\t\t\t\t\t\t\t<\/div>\n\t\t\t\t\t<\/div>\n\t\t\t\t<\/div>\n\t\t\t\t\t<\/div>\n\t\t\t\t<\/div>\n\t\t\t\t<\/div>","protected":false},"excerpt":{"rendered":"<p>Mimar Estetik ve fonksiyonelli\u011fi bir araya getiren projelerde g\u00f6rev alacak, detaylara hakim, yenilik\u00e7i Mimarlar ar\u0131yoruz. Barbaros Yat\u0131r\u0131m&#8216;\u0131n prestijli projelerinde siz de yer al\u0131n. Sorumluluklar: Tasar\u0131m ve uygulama projelerini y\u00f6netme. M\u00fc\u015fteri ve y\u00fcklenici ile koordinasyon. Yeni tasar\u0131m trendlerini takip ve uygulama. Aranan Nitelikler: Mimarl\u0131k b\u00f6l\u00fcm\u00fc mezunu. 3D tasar\u0131m programlar\u0131na hakim. 2 y\u0131l profesyonel deneyim. Yarat\u0131c\u0131 ve [&hellip;]<\/p>\n","protected":false},"author":1,"featured_media":0,"parent":0,"menu_order":0,"comment_status":"closed","ping_status":"closed","template":"","meta":{"iawp_total_views":22,"footnotes":""},"class_list":["post-852","page","type-page","status-publish","hentry"],"_links":{"self":[{"href":"https:\/\/barbarosgyg.com\/en\/wp-json\/wp\/v2\/pages\/852","targetHints":{"allow":["GET"]}}],"collection":[{"href":"https:\/\/barbarosgyg.com\/en\/wp-json\/wp\/v2\/pages"}],"about":[{"href":"https:\/\/barbarosgyg.com\/en\/wp-json\/wp\/v2\/types\/page"}],"author":[{"embeddable":true,"href":"https:\/\/barbarosgyg.com\/en\/wp-json\/wp\/v2\/users\/1"}],"replies":[{"embeddable":true,"href":"https:\/\/barbarosgyg.com\/en\/wp-json\/wp\/v2\/comments?post=852"}],"version-history":[{"count":0,"href":"https:\/\/barbarosgyg.com\/en\/wp-json\/wp\/v2\/pages\/852\/revisions"}],"wp:attachment":[{"href":"https:\/\/barbarosgyg.com\/en\/wp-json\/wp\/v2\/media?parent=852"}],"curies":[{"name":"wp","href":"https:\/\/api.w.org\/{rel}","templated":true}]}}