{"id":566,"date":"2023-08-02T20:57:43","date_gmt":"2023-08-02T17:57:43","guid":{"rendered":"https:\/\/barbarosgyg.com\/?page_id=566"},"modified":"2023-10-30T09:08:34","modified_gmt":"2023-10-30T06:08:34","slug":"insaat-muhendisi","status":"publish","type":"page","link":"https:\/\/barbarosgyg.com\/en\/insaat-muhendisi\/","title":{"rendered":"Civil Engineer"},"content":{"rendered":"<div data-elementor-type=\"wp-page\" data-elementor-id=\"566\" class=\"elementor elementor-566\" data-elementor-post-type=\"page\">\n\t\t\t\t<div class=\"elementor-element elementor-element-252daffd e-flex e-con-boxed e-con e-parent\" data-id=\"252daffd\" data-element_type=\"container\" data-e-type=\"container\">\n\t\t\t\t\t<div class=\"e-con-inner\">\n\t\t<div class=\"elementor-element elementor-element-343145c1 e-flex e-con-boxed e-con e-child\" data-id=\"343145c1\" data-element_type=\"container\" data-e-type=\"container\">\n\t\t\t\t\t<div class=\"e-con-inner\">\n\t\t\t\t<div class=\"elementor-element elementor-element-3785de11 elementor-widget elementor-widget-image\" data-id=\"3785de11\" data-element_type=\"widget\" data-e-type=\"widget\" data-widget_type=\"image.default\">\n\t\t\t\t\t\t\t\t\t\t\t\t\t\t\t<img fetchpriority=\"high\" decoding=\"async\" width=\"2000\" height=\"621\" src=\"https:\/\/barbarosgyg.com\/wp-content\/uploads\/2023\/08\/panoramic-shot-of-employee-and-recruiter-shaking-hands.jpg\" class=\"attachment-full size-full wp-image-578\" alt=\"panoramic shot of employee and recruiter shaking hands\" srcset=\"https:\/\/barbarosgyg.com\/wp-content\/uploads\/2023\/08\/panoramic-shot-of-employee-and-recruiter-shaking-hands.jpg 2000w, https:\/\/barbarosgyg.com\/wp-content\/uploads\/2023\/08\/panoramic-shot-of-employee-and-recruiter-shaking-hands-300x93.jpg 300w, https:\/\/barbarosgyg.com\/wp-content\/uploads\/2023\/08\/panoramic-shot-of-employee-and-recruiter-shaking-hands-1024x318.jpg 1024w, https:\/\/barbarosgyg.com\/wp-content\/uploads\/2023\/08\/panoramic-shot-of-employee-and-recruiter-shaking-hands-768x238.jpg 768w, https:\/\/barbarosgyg.com\/wp-content\/uploads\/2023\/08\/panoramic-shot-of-employee-and-recruiter-shaking-hands-1536x477.jpg 1536w\" sizes=\"(max-width: 2000px) 100vw, 2000px\" \/>\t\t\t\t\t\t\t\t\t\t\t\t\t\t\t<\/div>\n\t\t\t\t<div class=\"elementor-element elementor-element-1dcc66dc elementor-widget elementor-widget-heading\" data-id=\"1dcc66dc\" data-element_type=\"widget\" data-e-type=\"widget\" data-widget_type=\"heading.default\">\n\t\t\t\t\t<h2 class=\"elementor-heading-title elementor-size-default\">Civil Engineer<\/h2>\t\t\t\t<\/div>\n\t\t\t\t<div class=\"elementor-element elementor-element-5126bef elementor-widget elementor-widget-text-editor\" data-id=\"5126bef\" data-element_type=\"widget\" data-e-type=\"widget\" data-widget_type=\"text-editor.default\">\n\t\t\t\t\t\t\t\t\t<p class=\"translation-block\">We are looking for innovative and responsible Civil Engineers to play an active role in the entire process of construction projects from start to finish as part of the growing team at <strong>Barbaros Yat\u0131r\u0131m<\/strong>.<\/p><p><em>Responsibilities:<\/em><\/p><ul><li>Coordinating project management and implementation processes.<\/li><li>Ensuring quality control and standards.<\/li><li>Team management and training.<\/li><\/ul><p><em>Required Qualifications:<\/em><\/p><ul><li>Graduate of the Civil Engineering department.<\/li><li>3 years of experience in a similar position.<\/li><li>Knowledge of MS Office and AutoCAD.<\/li><li>A team player.<\/li><\/ul><p class=\"translation-block\">Join the dynamic team at <strong>Barbaros Yat\u0131r\u0131m<\/strong> and take your career to new heights with innovative projects. Take your place in this great family; we look forward to receiving your application.<\/p>\t\t\t\t\t\t\t\t<\/div>\n\t\t\t\t<div class=\"elementor-element elementor-element-d994639 elementor-widget elementor-widget-button\" data-id=\"d994639\" data-element_type=\"widget\" data-e-type=\"widget\" data-widget_type=\"button.default\">\n\t\t\t\t\t\t\t\t\t\t<a class=\"elementor-button elementor-button-link elementor-size-sm\" href=\"https:\/\/barbarosgyg.com\/en\/basvuru-formu\/\">\n\t\t\t\t\t\t<span class=\"elementor-button-content-wrapper\">\n\t\t\t\t\t\t\t\t\t<span class=\"elementor-button-text\">Apply, Change Tomorrow<\/span>\n\t\t\t\t\t<\/span>\n\t\t\t\t\t<\/a>\n\t\t\t\t\t\t\t\t<\/div>\n\t\t\t\t\t<\/div>\n\t\t\t\t<\/div>\n\t\t\t\t\t<\/div>\n\t\t\t\t<\/div>\n\t\t\t\t<\/div>","protected":false},"excerpt":{"rendered":"<p>\u0130n\u015faat M\u00fchendisi Barbaros Yat\u0131r\u0131m&#8216;\u0131n b\u00fcy\u00fcyen ekibinde, in\u015faat projelerinin ba\u015f\u0131ndan sonuna kadar olan s\u00fcre\u00e7lerde aktif rol alacak, yenilik\u00e7i ve sorumluluk sahibi \u0130n\u015faat M\u00fchendisleri ar\u0131yoruz. Sorumluluklar: Proje y\u00f6netimi ve uygulama s\u00fcre\u00e7lerini koordine etme. Kalite kontrol ve standartlar\u0131n\u0131 sa\u011flama. Ekip y\u00f6netimi ve e\u011fitimi. Aranan Nitelikler: \u0130n\u015faat M\u00fchendisli\u011fi b\u00f6l\u00fcm\u00fc mezunu. 3 y\u0131l benzer pozisyonda deneyim. MS Office ve AutoCAD [&hellip;]<\/p>\n","protected":false},"author":1,"featured_media":0,"parent":0,"menu_order":0,"comment_status":"closed","ping_status":"closed","template":"","meta":{"iawp_total_views":5,"footnotes":""},"class_list":["post-566","page","type-page","status-publish","hentry"],"_links":{"self":[{"href":"https:\/\/barbarosgyg.com\/en\/wp-json\/wp\/v2\/pages\/566","targetHints":{"allow":["GET"]}}],"collection":[{"href":"https:\/\/barbarosgyg.com\/en\/wp-json\/wp\/v2\/pages"}],"about":[{"href":"https:\/\/barbarosgyg.com\/en\/wp-json\/wp\/v2\/types\/page"}],"author":[{"embeddable":true,"href":"https:\/\/barbarosgyg.com\/en\/wp-json\/wp\/v2\/users\/1"}],"replies":[{"embeddable":true,"href":"https:\/\/barbarosgyg.com\/en\/wp-json\/wp\/v2\/comments?post=566"}],"version-history":[{"count":0,"href":"https:\/\/barbarosgyg.com\/en\/wp-json\/wp\/v2\/pages\/566\/revisions"}],"wp:attachment":[{"href":"https:\/\/barbarosgyg.com\/en\/wp-json\/wp\/v2\/media?parent=566"}],"curies":[{"name":"wp","href":"https:\/\/api.w.org\/{rel}","templated":true}]}}