{"id":472,"date":"2023-08-02T19:05:35","date_gmt":"2023-08-02T16:05:35","guid":{"rendered":"https:\/\/barbarosgyg.com\/?page_id=472"},"modified":"2023-09-18T02:31:08","modified_gmt":"2023-09-17T23:31:08","slug":"katil","status":"publish","type":"page","link":"https:\/\/barbarosgyg.com\/en\/murderer\/","title":{"rendered":"Join"},"content":{"rendered":"\t\t<div data-elementor-type=\"wp-page\" data-elementor-id=\"472\" class=\"elementor elementor-472\" data-elementor-post-type=\"page\">\n\t\t\t\t<div class=\"elementor-element elementor-element-152df090 e-flex e-con-boxed e-con e-parent\" data-id=\"152df090\" data-element_type=\"container\" data-e-type=\"container\">\n\t\t\t\t\t<div class=\"e-con-inner\">\n\t\t<div class=\"elementor-element elementor-element-34f35cad e-con-full e-flex e-con e-child\" data-id=\"34f35cad\" data-element_type=\"container\" data-e-type=\"container\">\n\t\t\t\t<div class=\"elementor-element elementor-element-29b9cf1d elementor-widget elementor-widget-image\" data-id=\"29b9cf1d\" data-element_type=\"widget\" data-e-type=\"widget\" data-widget_type=\"image.default\">\n\t\t\t\t\t\t\t\t\t\t\t\t\t\t\t<img fetchpriority=\"high\" decoding=\"async\" width=\"2000\" height=\"2000\" src=\"https:\/\/barbarosgyg.com\/wp-content\/uploads\/2023\/08\/young-successful-businessman-checking-emails-while-having-morning-coffee.jpg\" class=\"attachment-full size-full wp-image-477\" alt=\"Young successful businessman checking emails while having morning coffee\" srcset=\"https:\/\/barbarosgyg.com\/wp-content\/uploads\/2023\/08\/young-successful-businessman-checking-emails-while-having-morning-coffee.jpg 2000w, https:\/\/barbarosgyg.com\/wp-content\/uploads\/2023\/08\/young-successful-businessman-checking-emails-while-having-morning-coffee-300x300.jpg 300w, https:\/\/barbarosgyg.com\/wp-content\/uploads\/2023\/08\/young-successful-businessman-checking-emails-while-having-morning-coffee-1024x1024.jpg 1024w, https:\/\/barbarosgyg.com\/wp-content\/uploads\/2023\/08\/young-successful-businessman-checking-emails-while-having-morning-coffee-150x150.jpg 150w, https:\/\/barbarosgyg.com\/wp-content\/uploads\/2023\/08\/young-successful-businessman-checking-emails-while-having-morning-coffee-768x768.jpg 768w, https:\/\/barbarosgyg.com\/wp-content\/uploads\/2023\/08\/young-successful-businessman-checking-emails-while-having-morning-coffee-1536x1536.jpg 1536w\" sizes=\"(max-width: 2000px) 100vw, 2000px\" \/>\t\t\t\t\t\t\t\t\t\t\t\t\t\t\t<\/div>\n\t\t\t\t<\/div>\n\t\t<div class=\"elementor-element elementor-element-2629e2a8 e-con-full e-flex e-con e-child\" data-id=\"2629e2a8\" data-element_type=\"container\" data-e-type=\"container\">\n\t\t\t\t<div class=\"elementor-element elementor-element-47c8742d elementor-widget__width-initial elementor-widget elementor-widget-heading\" data-id=\"47c8742d\" data-element_type=\"widget\" data-e-type=\"widget\" data-widget_type=\"heading.default\">\n\t\t\t\t\t<h2 class=\"elementor-heading-title elementor-size-default\">B\u00fcltenimize Kat\u0131l\u0131n<\/h2>\t\t\t\t<\/div>\n\t\t\t\t<div class=\"elementor-element elementor-element-1c31d179 elementor-widget elementor-widget-text-editor\" data-id=\"1c31d179\" data-element_type=\"widget\" data-e-type=\"widget\" data-widget_type=\"text-editor.default\">\n\t\t\t\t\t\t\t\t\t<p>Kararlar\u0131n\u0131z\u0131 daha etkili k\u0131lmak ve f\u0131rsatlar\u0131 yakalamak i\u00e7in, sekt\u00f6rle ilgili en g\u00fcncel haber ve analizleri direkt olarak posta kutunuza al\u0131n.<\/p>\t\t\t\t\t\t\t\t<\/div>\n\t\t\t\t<div class=\"elementor-element elementor-element-495ba001 elementor-button-align-stretch elementor-widget elementor-widget-form\" data-id=\"495ba001\" data-element_type=\"widget\" data-e-type=\"widget\" data-settings=\"{&quot;step_next_label&quot;:&quot;Next&quot;,&quot;step_previous_label&quot;:&quot;Previous&quot;,&quot;button_width&quot;:&quot;100&quot;,&quot;step_type&quot;:&quot;number_text&quot;,&quot;step_icon_shape&quot;:&quot;circle&quot;}\" data-widget_type=\"form.default\">\n\t\t\t\t\t\t\t<form class=\"elementor-form\" method=\"post\" id=\"katil_formu\" name=\"Kat\u0131l Form\">\n\t\t\t<input type=\"hidden\" name=\"post_id\" value=\"472\"\/>\n\t\t\t<input type=\"hidden\" name=\"form_id\" value=\"495ba001\"\/>\n\t\t\t<input type=\"hidden\" name=\"referer_title\" value=\"\" \/>\n\n\t\t\t\n\t\t\t<div class=\"elementor-form-fields-wrapper elementor-labels-above\">\n\t\t\t\t\t\t\t\t<div class=\"elementor-field-type-text elementor-field-group elementor-column elementor-field-group-name elementor-col-100\">\n\t\t\t\t\t\t\t\t\t\t\t\t\t<input size=\"1\" type=\"text\" name=\"form_fields[name]\" id=\"form-field-name\" class=\"elementor-field elementor-size-sm  elementor-field-textual\" placeholder=\"\u0130sim\">\n\t\t\t\t\t\t\t\t\t\t\t<\/div>\n\t\t\t\t\t\t\t\t<div class=\"elementor-field-type-email elementor-field-group elementor-column elementor-field-group-email elementor-col-100 elementor-field-required elementor-mark-required\">\n\t\t\t\t\t\t\t\t\t\t\t\t\t<input size=\"1\" type=\"email\" name=\"form_fields[email]\" id=\"form-field-email\" class=\"elementor-field elementor-size-sm  elementor-field-textual\" placeholder=\"Eposta\" required=\"required\">\n\t\t\t\t\t\t\t\t\t\t\t<\/div>\n\t\t\t\t\t\t\t\t<div class=\"elementor-field-type-acceptance elementor-field-group elementor-column elementor-field-group-field_fb6961d elementor-col-100 elementor-field-required elementor-mark-required\">\n\t\t\t\t\t\t\t<div class=\"elementor-field-subgroup\">\n\t\t\t<span class=\"elementor-field-option\">\n\t\t\t\t<input type=\"checkbox\" name=\"form_fields[field_fb6961d]\" id=\"form-field-field_fb6961d\" class=\"elementor-field elementor-size-sm  elementor-acceptance-field\" required=\"required\" checked=\"checked\">\n\t\t\t\t<label for=\"form-field-field_fb6961d\">Sekt\u00f6rel geli\u015fmelerden ve taze de\u011ferlendirmelerden bilgi almak istiyorum.<\/label>\t\t\t<\/span>\n\t\t<\/div>\n\t\t\t\t\t\t<\/div>\n\t\t\t\t\t\t\t\t<div class=\"elementor-field-group elementor-column elementor-field-type-submit elementor-col-100 e-form__buttons\">\n\t\t\t\t\t<button class=\"elementor-button elementor-size-sm\" type=\"submit\">\n\t\t\t\t\t\t<span class=\"elementor-button-content-wrapper\">\n\t\t\t\t\t\t\t\t\t\t\t\t\t\t\t\t\t\t\t\t\t\t<span class=\"elementor-button-text\">Kat\u0131l<\/span>\n\t\t\t\t\t\t\t\t\t\t\t\t\t<\/span>\n\t\t\t\t\t<\/button>\n\t\t\t\t<\/div>\n\t\t\t<\/div>\n\t\t<\/form>\n\t\t\t\t\t\t<\/div>\n\t\t\t\t<\/div>\n\t\t\t\t\t<\/div>\n\t\t\t\t<\/div>\n\t\t\t\t<\/div>\n\t\t","protected":false},"excerpt":{"rendered":"<p>B\u00fcltenimize Kat\u0131l\u0131n Kararlar\u0131n\u0131z\u0131 daha etkili k\u0131lmak ve f\u0131rsatlar\u0131 yakalamak i\u00e7in, sekt\u00f6rle ilgili en g\u00fcncel haber ve analizleri direkt olarak posta kutunuza al\u0131n.<\/p>","protected":false},"author":1,"featured_media":0,"parent":0,"menu_order":0,"comment_status":"closed","ping_status":"closed","template":"","meta":{"iawp_total_views":5,"footnotes":""},"class_list":["post-472","page","type-page","status-publish","hentry"],"_links":{"self":[{"href":"https:\/\/barbarosgyg.com\/en\/wp-json\/wp\/v2\/pages\/472","targetHints":{"allow":["GET"]}}],"collection":[{"href":"https:\/\/barbarosgyg.com\/en\/wp-json\/wp\/v2\/pages"}],"about":[{"href":"https:\/\/barbarosgyg.com\/en\/wp-json\/wp\/v2\/types\/page"}],"author":[{"embeddable":true,"href":"https:\/\/barbarosgyg.com\/en\/wp-json\/wp\/v2\/users\/1"}],"replies":[{"embeddable":true,"href":"https:\/\/barbarosgyg.com\/en\/wp-json\/wp\/v2\/comments?post=472"}],"version-history":[{"count":0,"href":"https:\/\/barbarosgyg.com\/en\/wp-json\/wp\/v2\/pages\/472\/revisions"}],"wp:attachment":[{"href":"https:\/\/barbarosgyg.com\/en\/wp-json\/wp\/v2\/media?parent=472"}],"curies":[{"name":"wp","href":"https:\/\/api.w.org\/{rel}","templated":true}]}}