{"id":415,"date":"2023-08-02T09:48:11","date_gmt":"2023-08-02T06:48:11","guid":{"rendered":"https:\/\/barbarosgyg.com\/?page_id=415"},"modified":"2023-10-30T10:23:04","modified_gmt":"2023-10-30T07:23:04","slug":"tesis-yonetimi","status":"publish","type":"page","link":"https:\/\/barbarosgyg.com\/en\/hizmetler\/facility-management\/","title":{"rendered":"Facility Management"},"content":{"rendered":"<div data-elementor-type=\"wp-page\" data-elementor-id=\"415\" class=\"elementor elementor-415\" data-elementor-post-type=\"page\">\n\t\t\t\t<div class=\"elementor-element elementor-element-62cdb41 e-flex e-con-boxed e-con e-parent\" data-id=\"62cdb41\" data-element_type=\"container\" data-e-type=\"container\">\n\t\t\t\t\t<div class=\"e-con-inner\">\n\t\t\t\t<div class=\"elementor-element elementor-element-39f28a33 elementor-widget elementor-widget-heading\" data-id=\"39f28a33\" data-element_type=\"widget\" data-e-type=\"widget\" data-widget_type=\"heading.default\">\n\t\t\t\t\t<h2 class=\"elementor-heading-title elementor-size-default\">Facility Management<\/h2>\t\t\t\t<\/div>\n\t\t\t\t\t<\/div>\n\t\t\t\t<\/div>\n\t\t<div class=\"elementor-element elementor-element-20412a10 e-flex e-con-boxed e-con e-parent\" data-id=\"20412a10\" data-element_type=\"container\" data-e-type=\"container\">\n\t\t\t\t\t<div class=\"e-con-inner\">\n\t\t<div class=\"elementor-element elementor-element-2975bf92 e-flex e-con-boxed e-con e-child\" data-id=\"2975bf92\" data-element_type=\"container\" data-e-type=\"container\">\n\t\t\t\t\t<div class=\"e-con-inner\">\n\t\t\t\t<div class=\"elementor-element elementor-element-48ee0d0a elementor-widget elementor-widget-image\" data-id=\"48ee0d0a\" data-element_type=\"widget\" data-e-type=\"widget\" data-widget_type=\"image.default\">\n\t\t\t\t\t\t\t\t\t\t\t\t\t\t\t<img fetchpriority=\"high\" decoding=\"async\" width=\"2000\" height=\"625\" src=\"https:\/\/barbarosgyg.com\/wp-content\/uploads\/2023\/08\/management-teamwork-and-business-partnerships-in-the-office.jpg\" class=\"attachment-full size-full wp-image-761\" alt=\"Management teamwork and business partnerships in the office\" srcset=\"https:\/\/barbarosgyg.com\/wp-content\/uploads\/2023\/08\/management-teamwork-and-business-partnerships-in-the-office.jpg 2000w, https:\/\/barbarosgyg.com\/wp-content\/uploads\/2023\/08\/management-teamwork-and-business-partnerships-in-the-office-300x94.jpg 300w, https:\/\/barbarosgyg.com\/wp-content\/uploads\/2023\/08\/management-teamwork-and-business-partnerships-in-the-office-1024x320.jpg 1024w, https:\/\/barbarosgyg.com\/wp-content\/uploads\/2023\/08\/management-teamwork-and-business-partnerships-in-the-office-768x240.jpg 768w, https:\/\/barbarosgyg.com\/wp-content\/uploads\/2023\/08\/management-teamwork-and-business-partnerships-in-the-office-1536x480.jpg 1536w\" sizes=\"(max-width: 2000px) 100vw, 2000px\" \/>\t\t\t\t\t\t\t\t\t\t\t\t\t\t\t<\/div>\n\t\t\t\t\t<\/div>\n\t\t\t\t<\/div>\n\t\t\t\t<div class=\"elementor-element elementor-element-32cc8a47 elementor-widget elementor-widget-text-editor\" data-id=\"32cc8a47\" data-element_type=\"widget\" data-e-type=\"widget\" data-widget_type=\"text-editor.default\">\n\t\t\t\t\t\t\t\t\t<p style=\"font-weight: 400;\"><span style=\"font-weight: 400;\">Together with resource management and budget control, we create service models suitable for all types of facilities with our expert employees and offer the best service. House Facility Management also attaches importance to in-service training and research and development. We continuously follow the technology and new laws and provide in-service trainings to all employees.<\/span><\/p>\t\t\t\t\t\t\t\t<\/div>\n\t\t\t\t<div class=\"elementor-element elementor-element-3687bd4a elementor-widget elementor-widget-text-editor\" data-id=\"3687bd4a\" data-element_type=\"widget\" data-e-type=\"widget\" data-widget_type=\"text-editor.default\">\n\t\t\t\t\t\t\t\t\t<ul><li style=\"font-weight: 400;\" aria-level=\"1\"><span style=\"font-weight: 400;\">Maintenance of the facility,\u00a0<\/span><\/li><li style=\"font-weight: 400;\" aria-level=\"1\"><span style=\"font-weight: 400;\">Facility security,\u00a0<\/span><\/li><li style=\"font-weight: 400;\" aria-level=\"1\"><span style=\"font-weight: 400;\">Facility cleaning,\u00a0<\/span><\/li><li style=\"font-weight: 400;\" aria-level=\"1\"><span style=\"font-weight: 400;\">Personnel management\u00a0<\/span><\/li><li style=\"font-weight: 400;\" aria-level=\"1\"><span style=\"font-weight: 400;\">Budget planning\u00a0<\/span><\/li><li style=\"font-weight: 400;\" aria-level=\"1\"><span style=\"font-weight: 400;\">Develop and implement strategies to improve the efficiency of the plant.<\/span><\/li><\/ul>\t\t\t\t\t\t\t\t<\/div>\n\t\t\t\t\t<\/div>\n\t\t\t\t<\/div>\n\t\t\t\t<\/div>","protected":false},"excerpt":{"rendered":"<p>Tesis Y\u00f6netimi Kaynak y\u00f6netimi ve b\u00fct\u00e7e kontrol\u00fc ile birlikte, uzman \u00e7al\u0131\u015fanlar\u0131m\u0131zla her t\u00fcrl\u00fc tesise uygun hizmet modellerini olu\u015fturuyoruz ve en iyi hizmeti sunuyoruz. House Tesis Y\u00f6netimi, hizmet i\u00e7i e\u011fitim ve ara\u015ft\u0131rma ve geli\u015ftirmeye de \u00f6nem veriyor. Teknolojiyi ve yeni yasalar\u0131 s\u00fcrekli olarak takip ediyoruz ve t\u00fcm \u00e7al\u0131\u015fanlara hizmet i\u00e7i e\u011fitimler veriyoruz. Tesisin bak\u0131m\u0131,\u00a0 Tesis g\u00fcvenli\u011fi,\u00a0 [&hellip;]<\/p>\n","protected":false},"author":1,"featured_media":0,"parent":287,"menu_order":0,"comment_status":"closed","ping_status":"closed","template":"","meta":{"iawp_total_views":6,"footnotes":""},"class_list":["post-415","page","type-page","status-publish","hentry"],"_links":{"self":[{"href":"https:\/\/barbarosgyg.com\/en\/wp-json\/wp\/v2\/pages\/415","targetHints":{"allow":["GET"]}}],"collection":[{"href":"https:\/\/barbarosgyg.com\/en\/wp-json\/wp\/v2\/pages"}],"about":[{"href":"https:\/\/barbarosgyg.com\/en\/wp-json\/wp\/v2\/types\/page"}],"author":[{"embeddable":true,"href":"https:\/\/barbarosgyg.com\/en\/wp-json\/wp\/v2\/users\/1"}],"replies":[{"embeddable":true,"href":"https:\/\/barbarosgyg.com\/en\/wp-json\/wp\/v2\/comments?post=415"}],"version-history":[{"count":0,"href":"https:\/\/barbarosgyg.com\/en\/wp-json\/wp\/v2\/pages\/415\/revisions"}],"up":[{"embeddable":true,"href":"https:\/\/barbarosgyg.com\/en\/wp-json\/wp\/v2\/pages\/287"}],"wp:attachment":[{"href":"https:\/\/barbarosgyg.com\/en\/wp-json\/wp\/v2\/media?parent=415"}],"curies":[{"name":"wp","href":"https:\/\/api.w.org\/{rel}","templated":true}]}}