{"id":406,"date":"2023-08-02T09:46:20","date_gmt":"2023-08-02T06:46:20","guid":{"rendered":"https:\/\/barbarosgyg.com\/?page_id=406"},"modified":"2023-10-30T10:22:04","modified_gmt":"2023-10-30T07:22:04","slug":"muhendislik-ve-tasarim","status":"publish","type":"page","link":"https:\/\/barbarosgyg.com\/en\/hizmetler\/engineering-and-design\/","title":{"rendered":"Engineering and Design"},"content":{"rendered":"<div data-elementor-type=\"wp-page\" data-elementor-id=\"406\" class=\"elementor elementor-406\" data-elementor-post-type=\"page\">\n\t\t\t\t<div class=\"elementor-element elementor-element-7597b5bc e-flex e-con-boxed e-con e-parent\" data-id=\"7597b5bc\" data-element_type=\"container\" data-e-type=\"container\">\n\t\t\t\t\t<div class=\"e-con-inner\">\n\t\t\t\t<div class=\"elementor-element elementor-element-6f02c4e6 elementor-widget elementor-widget-heading\" data-id=\"6f02c4e6\" data-element_type=\"widget\" data-e-type=\"widget\" data-widget_type=\"heading.default\">\n\t\t\t\t\t<h2 class=\"elementor-heading-title elementor-size-default\">Engineering and Design<\/h2>\t\t\t\t<\/div>\n\t\t\t\t\t<\/div>\n\t\t\t\t<\/div>\n\t\t<div class=\"elementor-element elementor-element-78753990 e-flex e-con-boxed e-con e-parent\" data-id=\"78753990\" data-element_type=\"container\" data-e-type=\"container\">\n\t\t\t\t\t<div class=\"e-con-inner\">\n\t\t<div class=\"elementor-element elementor-element-465bcdf7 e-flex e-con-boxed e-con e-child\" data-id=\"465bcdf7\" data-element_type=\"container\" data-e-type=\"container\">\n\t\t\t\t\t<div class=\"e-con-inner\">\n\t\t\t\t<div class=\"elementor-element elementor-element-69b8bc1f elementor-widget elementor-widget-image\" data-id=\"69b8bc1f\" data-element_type=\"widget\" data-e-type=\"widget\" data-widget_type=\"image.default\">\n\t\t\t\t\t\t\t\t\t\t\t\t\t\t\t<img fetchpriority=\"high\" decoding=\"async\" width=\"2000\" height=\"400\" src=\"https:\/\/barbarosgyg.com\/wp-content\/uploads\/2023\/08\/engineering-construction-concept-two-female-engineers-is-brainstorming-sketches-blueprint-together.jpg\" class=\"attachment-full size-full wp-image-767\" alt=\"Engineering construction concept, Two female engineers is brainstorming sketches blueprint together\" srcset=\"https:\/\/barbarosgyg.com\/wp-content\/uploads\/2023\/08\/engineering-construction-concept-two-female-engineers-is-brainstorming-sketches-blueprint-together.jpg 2000w, https:\/\/barbarosgyg.com\/wp-content\/uploads\/2023\/08\/engineering-construction-concept-two-female-engineers-is-brainstorming-sketches-blueprint-together-300x60.jpg 300w, https:\/\/barbarosgyg.com\/wp-content\/uploads\/2023\/08\/engineering-construction-concept-two-female-engineers-is-brainstorming-sketches-blueprint-together-1024x205.jpg 1024w, https:\/\/barbarosgyg.com\/wp-content\/uploads\/2023\/08\/engineering-construction-concept-two-female-engineers-is-brainstorming-sketches-blueprint-together-768x154.jpg 768w, https:\/\/barbarosgyg.com\/wp-content\/uploads\/2023\/08\/engineering-construction-concept-two-female-engineers-is-brainstorming-sketches-blueprint-together-1536x307.jpg 1536w\" sizes=\"(max-width: 2000px) 100vw, 2000px\" \/>\t\t\t\t\t\t\t\t\t\t\t\t\t\t\t<\/div>\n\t\t\t\t\t<\/div>\n\t\t\t\t<\/div>\n\t\t\t\t<div class=\"elementor-element elementor-element-7880280b elementor-widget elementor-widget-text-editor\" data-id=\"7880280b\" data-element_type=\"widget\" data-e-type=\"widget\" data-widget_type=\"text-editor.default\">\n\t\t\t\t\t\t\t\t\t<p><span style=\"font-weight: 400;\">It would be wrong to think that engineering design is just a great idea. The outcome of a design is influenced by the physical and material constraints, uncertain problems, competition and commercial concerns encountered during the design process. However, users' perception of quality price determines how much time and effort a design requires. The whole process needs to be well communicated in order to convince people that a design is the best solution to a problem.<\/span><\/p>\t\t\t\t\t\t\t\t<\/div>\n\t\t\t\t<div class=\"elementor-element elementor-element-7997b4b6 elementor-widget elementor-widget-text-editor\" data-id=\"7997b4b6\" data-element_type=\"widget\" data-e-type=\"widget\" data-widget_type=\"text-editor.default\">\n\t\t\t\t\t\t\t\t\t<ul><li style=\"font-weight: 400;\" aria-level=\"1\"><span style=\"font-weight: 400;\">Preparation of Project Brief\u00a0<\/span><\/li><li style=\"font-weight: 400;\" aria-level=\"1\"><span style=\"font-weight: 400;\">Architectural Concept Design\u00a0<\/span><\/li><li style=\"font-weight: 400;\" aria-level=\"1\"><span style=\"font-weight: 400;\">Architectural License Project\u00a0<\/span><\/li><li style=\"font-weight: 400;\" aria-level=\"1\"><span style=\"font-weight: 400;\">Architectural Application Project\u00a0<\/span><\/li><li style=\"font-weight: 400;\" aria-level=\"1\"><span style=\"font-weight: 400;\">Interior Architecture Concept Project\u00a0<\/span><\/li><li style=\"font-weight: 400;\" aria-level=\"1\"><span style=\"font-weight: 400;\">Interior Architecture Application Project\u00a0<\/span><\/li><li style=\"font-weight: 400;\" aria-level=\"1\"><span style=\"font-weight: 400;\">Structural Static Project\u00a0<\/span><\/li><li style=\"font-weight: 400;\" aria-level=\"1\"><span style=\"font-weight: 400;\">Electricity Project<\/span><\/li><li style=\"font-weight: 400;\" aria-level=\"1\"><span style=\"font-weight: 400;\">Mechanical Project\u00a0<\/span><\/li><li style=\"font-weight: 400;\" aria-level=\"1\"><span style=\"font-weight: 400;\">Infrastructure Project\u00a0<\/span><\/li><li style=\"font-weight: 400;\" aria-level=\"1\"><span style=\"font-weight: 400;\">Fire Project\u00a0<\/span><\/li><li style=\"font-weight: 400;\" aria-level=\"1\"><span style=\"font-weight: 400;\">Landscape Project\u00a0<\/span><\/li><li style=\"font-weight: 400;\" aria-level=\"1\"><span style=\"font-weight: 400;\">Operation Project\u00a0<\/span><\/li><li style=\"font-weight: 400;\" aria-level=\"1\"><span style=\"font-weight: 400;\">Site Specific Development Studies<\/span><\/li><li style=\"font-weight: 400;\" aria-level=\"1\"><span style=\"font-weight: 400;\">Formal Procedure Studies<\/span><\/li><li style=\"font-weight: 400;\" aria-level=\"1\"><span style=\"font-weight: 400;\">Licenses and Approvals\u00a0<\/span><\/li><li style=\"font-weight: 400;\" aria-level=\"1\"><span style=\"font-weight: 400;\">Audit\u00a0<\/span><\/li><li style=\"font-weight: 400;\" aria-level=\"1\"><span style=\"font-weight: 400;\">Site Control\u00a0<\/span><\/li><li style=\"font-weight: 400;\" aria-level=\"1\"><span style=\"font-weight: 400;\">Work Safety<\/span><\/li><li style=\"font-weight: 400;\" aria-level=\"1\"><span style=\"font-weight: 400;\">Equipment and material control <\/span><\/li><\/ul>\t\t\t\t\t\t\t\t<\/div>\n\t\t\t\t\t<\/div>\n\t\t\t\t<\/div>\n\t\t\t\t<\/div>","protected":false},"excerpt":{"rendered":"<p>M\u00fchendislik ve Tasar\u0131m M\u00fchendislik tasar\u0131m\u0131n\u0131n sadece harika bir fikirden ibaret oldu\u011funu d\u00fc\u015f\u00fcnmek yanl\u0131\u015f olurdu. Bir tasar\u0131m\u0131n sonucu, tasar\u0131m s\u00fcrecinde kar\u015f\u0131la\u015f\u0131lan fiziksel ve maddi k\u0131s\u0131tlamalar, belirsiz sorunlar, rekabet ve ticari endi\u015feler taraf\u0131ndan etkilenir. Bununla birlikte, kullan\u0131c\u0131lar\u0131n kalite fiyat alg\u0131s\u0131, bir tasar\u0131m\u0131n ne kadar zaman ve \u00e7aba gerektirdi\u011fini belirler. Bir tasar\u0131m\u0131n ilgili soruna en iyi \u00e7\u00f6z\u00fcm oldu\u011funu [&hellip;]<\/p>\n","protected":false},"author":1,"featured_media":0,"parent":287,"menu_order":0,"comment_status":"closed","ping_status":"closed","template":"","meta":{"iawp_total_views":4,"footnotes":""},"class_list":["post-406","page","type-page","status-publish","hentry"],"_links":{"self":[{"href":"https:\/\/barbarosgyg.com\/en\/wp-json\/wp\/v2\/pages\/406","targetHints":{"allow":["GET"]}}],"collection":[{"href":"https:\/\/barbarosgyg.com\/en\/wp-json\/wp\/v2\/pages"}],"about":[{"href":"https:\/\/barbarosgyg.com\/en\/wp-json\/wp\/v2\/types\/page"}],"author":[{"embeddable":true,"href":"https:\/\/barbarosgyg.com\/en\/wp-json\/wp\/v2\/users\/1"}],"replies":[{"embeddable":true,"href":"https:\/\/barbarosgyg.com\/en\/wp-json\/wp\/v2\/comments?post=406"}],"version-history":[{"count":0,"href":"https:\/\/barbarosgyg.com\/en\/wp-json\/wp\/v2\/pages\/406\/revisions"}],"up":[{"embeddable":true,"href":"https:\/\/barbarosgyg.com\/en\/wp-json\/wp\/v2\/pages\/287"}],"wp:attachment":[{"href":"https:\/\/barbarosgyg.com\/en\/wp-json\/wp\/v2\/media?parent=406"}],"curies":[{"name":"wp","href":"https:\/\/api.w.org\/{rel}","templated":true}]}}