{"id":374,"date":"2023-08-02T09:15:57","date_gmt":"2023-08-02T06:15:57","guid":{"rendered":"https:\/\/barbarosgyg.com\/?page_id=374"},"modified":"2023-10-30T10:20:08","modified_gmt":"2023-10-30T07:20:08","slug":"gayrimenkul-gelistirme","status":"publish","type":"page","link":"https:\/\/barbarosgyg.com\/en\/hizmetler\/real-estate-development-2\/","title":{"rendered":"Real Estate Development"},"content":{"rendered":"<div data-elementor-type=\"wp-page\" data-elementor-id=\"374\" class=\"elementor elementor-374\" data-elementor-post-type=\"page\">\n\t\t\t\t<div class=\"elementor-element elementor-element-6e2d39f3 e-flex e-con-boxed e-con e-parent\" data-id=\"6e2d39f3\" data-element_type=\"container\" data-e-type=\"container\">\n\t\t\t\t\t<div class=\"e-con-inner\">\n\t\t\t\t<div class=\"elementor-element elementor-element-6e28a64b elementor-widget elementor-widget-heading\" data-id=\"6e28a64b\" data-element_type=\"widget\" data-e-type=\"widget\" data-widget_type=\"heading.default\">\n\t\t\t\t\t<h2 class=\"elementor-heading-title elementor-size-default\">Real Estate Development<\/h2>\t\t\t\t<\/div>\n\t\t\t\t\t<\/div>\n\t\t\t\t<\/div>\n\t\t<div class=\"elementor-element elementor-element-4bdc8fe6 e-flex e-con-boxed e-con e-parent\" data-id=\"4bdc8fe6\" data-element_type=\"container\" data-e-type=\"container\">\n\t\t\t\t\t<div class=\"e-con-inner\">\n\t\t<div class=\"elementor-element elementor-element-43842f43 e-flex e-con-boxed e-con e-child\" data-id=\"43842f43\" data-element_type=\"container\" data-e-type=\"container\">\n\t\t\t\t\t<div class=\"e-con-inner\">\n\t\t\t\t<div class=\"elementor-element elementor-element-3252bc0c elementor-widget elementor-widget-image\" data-id=\"3252bc0c\" data-element_type=\"widget\" data-e-type=\"widget\" data-widget_type=\"image.default\">\n\t\t\t\t\t\t\t\t\t\t\t\t\t\t\t<img fetchpriority=\"high\" decoding=\"async\" width=\"2000\" height=\"667\" src=\"https:\/\/barbarosgyg.com\/wp-content\/uploads\/2023\/08\/real-estate-market-conceptual-image.jpg\" class=\"attachment-full size-full wp-image-750\" alt=\"Real estate market conceptual image\" srcset=\"https:\/\/barbarosgyg.com\/wp-content\/uploads\/2023\/08\/real-estate-market-conceptual-image.jpg 2000w, https:\/\/barbarosgyg.com\/wp-content\/uploads\/2023\/08\/real-estate-market-conceptual-image-300x100.jpg 300w, https:\/\/barbarosgyg.com\/wp-content\/uploads\/2023\/08\/real-estate-market-conceptual-image-1024x342.jpg 1024w, https:\/\/barbarosgyg.com\/wp-content\/uploads\/2023\/08\/real-estate-market-conceptual-image-768x256.jpg 768w, https:\/\/barbarosgyg.com\/wp-content\/uploads\/2023\/08\/real-estate-market-conceptual-image-1536x512.jpg 1536w\" sizes=\"(max-width: 2000px) 100vw, 2000px\" \/>\t\t\t\t\t\t\t\t\t\t\t\t\t\t\t<\/div>\n\t\t\t\t\t<\/div>\n\t\t\t\t<\/div>\n\t\t\t\t<div class=\"elementor-element elementor-element-41f87169 elementor-widget elementor-widget-text-editor\" data-id=\"41f87169\" data-element_type=\"widget\" data-e-type=\"widget\" data-widget_type=\"text-editor.default\">\n\t\t\t\t\t\t\t\t\t<p><span style=\"font-weight: 400;\">Real estate development is a type of investment created by analyzing and feasibility studies of a land plot according to the social and economic conjuncture of the region, such as financial, legal, competitor, supply-demand balance, design, concept, duration, etc. and producing a project and providing the necessary financing. For real estate development projects to be realized, 3 important building blocks need to be brought together by the investor: Land, Project Idea and Capital. These three building blocks can be found within a single investor, or they can be provided by joint investment projects to be established with the cooperation of more than one investor. Creating and sustaining this partnership and taking the necessary steps can be easily managed by analyzing and analyzing the planned real estate development project.<\/span><\/p><p><span style=\"font-weight: 400;\">Planning in such a way that you can obtain the maximum benefit from your investment in your real estate development projects that are planned to be constructed and minimize the return period of your investment and identifying the risks that may occur during the process, except for force majeure, in this context, in addition to the analysis and feasibility studies to be carried out before your investment in real estate development projects; controlling the analyzes made during the realization and subsequent primary and secondary sales of the project and renewing them according to the need. <\/span><b>At Barbaros Investment,<\/b><span style=\"font-weight: 400;\">\u00a0as we guarantee to you, our customers.<\/span><\/p><p><span style=\"font-weight: 400;\">\u00a0For this reason, the investment desired to be made in real estate development projects;<\/span><\/p>\t\t\t\t\t\t\t\t<\/div>\n\t\t\t\t<div class=\"elementor-element elementor-element-31e3dbed elementor-widget elementor-widget-text-editor\" data-id=\"31e3dbed\" data-element_type=\"widget\" data-e-type=\"widget\" data-widget_type=\"text-editor.default\">\n\t\t\t\t\t\t\t\t\t<ul><li><span style=\"font-weight: 400;\">Demographic structure of the region, socio-economic conjuncture,<\/span><\/li><li><span style=\"font-weight: 400;\">Financial analysis,<\/span><\/li><li><span style=\"font-weight: 400;\">Market research,<\/span><\/li><li><span style=\"font-weight: 400;\"> Feasibility studies,<\/span><\/li><li><span style=\"font-weight: 400;\"> Analysis of the most suitable type of real estate for investment (residential, residence, office, plaza, commercial unit, mixed project, etc.),<\/span><\/li><li><span style=\"font-weight: 400;\"> Analysis of the supply - demand balance of the region,<\/span><\/li><li><span style=\"font-weight: 400;\"> Analysis of customer demand, preferences and trends and purchasing power,<\/span><\/li><li><span style=\"font-weight: 400;\"> Target audience analysis,<\/span><\/li><li><span style=\"font-weight: 400;\"> Concept identification and development,<\/span><\/li><li><span style=\"font-weight: 400;\"> Analysis of the existing stock, ongoing projects and planned projects in the region,<\/span><\/li><li><span style=\"font-weight: 400;\"> Opportunity, attractiveness, shortcomings, quantity and quality reviews of equivalent investments in the region,<\/span><\/li><li><span style=\"font-weight: 400;\"> Examination of large-scale infrastructure and superstructure projects that have been realized, under construction or planned and that can support the potential of the region,<\/span><\/li><li><span style=\"font-weight: 400;\"> Analysis of the most effective and efficient use,<\/span><\/li><li><span style=\"font-weight: 400;\"> Swot (strengths, weaknesses, opportunities, threats) analysis,<\/span><\/li><li><span style=\"font-weight: 400;\"> Analysis of the estimated supply-demand balance at the end of the investment process,<\/span><\/li><li><span style=\"font-weight: 400;\"> Secondary market situations analysis,<\/span><\/li><li><span style=\"font-weight: 400;\"> Analysis of other revenues such as potential rent, operation, etc,<\/span><\/li><li><span style=\"font-weight: 400;\"> We provide consultancy services in research, analysis and determination real estate development projects in many subjects and areas such as the development of sales \/ leasing strategy (price determination, marketing scenarios, campaign options, financing and payment alternatives).<\/span><\/li><\/ul>\t\t\t\t\t\t\t\t<\/div>\n\t\t\t\t\t<\/div>\n\t\t\t\t<\/div>\n\t\t\t\t<\/div>","protected":false},"excerpt":{"rendered":"<p>Gayrimenkul Geli\u015ftirme Gayrimenkul geli\u015ftirme; bir arsan\u0131n b\u00f6lgenin sosyal ve ekonomik konjonkt\u00fcr\u00fcne g\u00f6re finansal, yasal, rakip, arz-talep dengesi, tasar\u0131m, konsept, s\u00fcre vb. analizler ve fizibilite \u00e7al\u0131\u015fmalar\u0131n\u0131n yap\u0131l\u0131p proje \u00fcretilerek gerekli finansman\u0131n sa\u011flanmas\u0131 ile olu\u015fturulan yat\u0131r\u0131m t\u00fcr\u00fcd\u00fcr. Gayrimenkul geli\u015ftirme projelerinin ger\u00e7ekle\u015fmesi i\u00e7in yat\u0131r\u0131mc\u0131 taraf\u0131ndan 3 \u00f6nemli yap\u0131 ta\u015f\u0131n\u0131n bir araya getirilmesi gerekmekte olup bunlar Arazi, Proje D\u00fc\u015f\u00fcncesi [&hellip;]<\/p>\n","protected":false},"author":1,"featured_media":0,"parent":287,"menu_order":0,"comment_status":"closed","ping_status":"closed","template":"","meta":{"iawp_total_views":11,"footnotes":""},"class_list":["post-374","page","type-page","status-publish","hentry"],"_links":{"self":[{"href":"https:\/\/barbarosgyg.com\/en\/wp-json\/wp\/v2\/pages\/374","targetHints":{"allow":["GET"]}}],"collection":[{"href":"https:\/\/barbarosgyg.com\/en\/wp-json\/wp\/v2\/pages"}],"about":[{"href":"https:\/\/barbarosgyg.com\/en\/wp-json\/wp\/v2\/types\/page"}],"author":[{"embeddable":true,"href":"https:\/\/barbarosgyg.com\/en\/wp-json\/wp\/v2\/users\/1"}],"replies":[{"embeddable":true,"href":"https:\/\/barbarosgyg.com\/en\/wp-json\/wp\/v2\/comments?post=374"}],"version-history":[{"count":0,"href":"https:\/\/barbarosgyg.com\/en\/wp-json\/wp\/v2\/pages\/374\/revisions"}],"up":[{"embeddable":true,"href":"https:\/\/barbarosgyg.com\/en\/wp-json\/wp\/v2\/pages\/287"}],"wp:attachment":[{"href":"https:\/\/barbarosgyg.com\/en\/wp-json\/wp\/v2\/media?parent=374"}],"curies":[{"name":"wp","href":"https:\/\/api.w.org\/{rel}","templated":true}]}}