{"id":335,"date":"2023-08-02T08:25:30","date_gmt":"2023-08-02T05:25:30","guid":{"rendered":"https:\/\/barbarosgyg.com\/?page_id=335"},"modified":"2023-10-30T09:31:08","modified_gmt":"2023-10-30T06:31:08","slug":"taahhut","status":"publish","type":"page","link":"https:\/\/barbarosgyg.com\/en\/sectors-2\/taahhut\/","title":{"rendered":"Commitment"},"content":{"rendered":"<div data-elementor-type=\"wp-page\" data-elementor-id=\"335\" class=\"elementor elementor-335\" data-elementor-post-type=\"page\">\n\t\t\t\t<div class=\"elementor-element elementor-element-3d3520e0 e-flex e-con-boxed e-con e-parent\" data-id=\"3d3520e0\" data-element_type=\"container\" data-e-type=\"container\">\n\t\t\t\t\t<div class=\"e-con-inner\">\n\t\t\t\t<div class=\"elementor-element elementor-element-1da425bf elementor-widget elementor-widget-heading\" data-id=\"1da425bf\" data-element_type=\"widget\" data-e-type=\"widget\" data-widget_type=\"heading.default\">\n\t\t\t\t\t<h2 class=\"elementor-heading-title elementor-size-default\">Commitment<\/h2>\t\t\t\t<\/div>\n\t\t\t\t\t<\/div>\n\t\t\t\t<\/div>\n\t\t<div class=\"elementor-element elementor-element-ddd48be e-flex e-con-boxed e-con e-parent\" data-id=\"ddd48be\" data-element_type=\"container\" data-e-type=\"container\">\n\t\t\t\t\t<div class=\"e-con-inner\">\n\t\t<div class=\"elementor-element elementor-element-d217594 e-flex e-con-boxed e-con e-child\" data-id=\"d217594\" data-element_type=\"container\" data-e-type=\"container\">\n\t\t\t\t\t<div class=\"e-con-inner\">\n\t\t\t\t<div class=\"elementor-element elementor-element-f39567f elementor-widget elementor-widget-image\" data-id=\"f39567f\" data-element_type=\"widget\" data-e-type=\"widget\" data-widget_type=\"image.default\">\n\t\t\t\t\t\t\t\t\t\t\t\t\t\t\t<img fetchpriority=\"high\" decoding=\"async\" width=\"2000\" height=\"754\" src=\"https:\/\/barbarosgyg.com\/wp-content\/uploads\/2023\/08\/real-estate-agent-with-house-model-and-customer-discussing-for-the-contract-to-buy-house-insurance.jpg\" class=\"attachment-full size-full wp-image-782\" alt=\"real estate agent with House model and customer discussing for the contract to buy house, insurance\" srcset=\"https:\/\/barbarosgyg.com\/wp-content\/uploads\/2023\/08\/real-estate-agent-with-house-model-and-customer-discussing-for-the-contract-to-buy-house-insurance.jpg 2000w, https:\/\/barbarosgyg.com\/wp-content\/uploads\/2023\/08\/real-estate-agent-with-house-model-and-customer-discussing-for-the-contract-to-buy-house-insurance-300x113.jpg 300w, https:\/\/barbarosgyg.com\/wp-content\/uploads\/2023\/08\/real-estate-agent-with-house-model-and-customer-discussing-for-the-contract-to-buy-house-insurance-1024x386.jpg 1024w, https:\/\/barbarosgyg.com\/wp-content\/uploads\/2023\/08\/real-estate-agent-with-house-model-and-customer-discussing-for-the-contract-to-buy-house-insurance-768x290.jpg 768w, https:\/\/barbarosgyg.com\/wp-content\/uploads\/2023\/08\/real-estate-agent-with-house-model-and-customer-discussing-for-the-contract-to-buy-house-insurance-1536x579.jpg 1536w\" sizes=\"(max-width: 2000px) 100vw, 2000px\" \/>\t\t\t\t\t\t\t\t\t\t\t\t\t\t\t<\/div>\n\t\t\t\t\t<\/div>\n\t\t\t\t<\/div>\n\t\t\t\t<div class=\"elementor-element elementor-element-596250f elementor-widget elementor-widget-text-editor\" data-id=\"596250f\" data-element_type=\"widget\" data-e-type=\"widget\" data-widget_type=\"text-editor.default\">\n\t\t\t\t\t\t\t\t\t<p>Businesses that undertake construction by undertaking the construction of a structure whose ownership will belong to others are called \u201cConstruction Contracting Businesses\u201d. As it is understood from the definition, construction contracting enterprises undertake construction activities on behalf of real and legal persons who want to have construction done. This relationship starts with a contract between the employer (the real or legal person who will have the construction done) and the construction contracting business.<br \/>Prior to the contract between the employer and the construction contractors for the construction of the building, there are certain actions that the employer must take.<\/p>\t\t\t\t\t\t\t\t<\/div>\n\t\t\t\t<div class=\"elementor-element elementor-element-1b033d6 elementor-widget elementor-widget-text-editor\" data-id=\"1b033d6\" data-element_type=\"widget\" data-e-type=\"widget\" data-widget_type=\"text-editor.default\">\n\t\t\t\t\t\t\t\t\t<ul><li style=\"font-weight: 400;\" aria-level=\"1\">Preparation of the project,<\/li><li style=\"font-weight: 400;\" aria-level=\"1\">Determination of the cost of exploration,<\/li><li style=\"font-weight: 400;\" aria-level=\"1\">Determination of the pricing method,<\/li><li style=\"font-weight: 400;\" aria-level=\"1\">Determination of the bidding method,<\/li><li style=\"font-weight: 400;\" aria-level=\"1\">Putting the project out to tender.<\/li><\/ul>\t\t\t\t\t\t\t\t<\/div>\n\t\t\t\t\t<\/div>\n\t\t\t\t<\/div>\n\t\t\t\t<\/div>","protected":false},"excerpt":{"rendered":"<p>Taahh\u00fct M\u00fclkiyeti ba\u015fkalar\u0131na ait olacak bir yap\u0131n\u0131n yap\u0131lmas\u0131n\u0131 taahh\u00fct ederek in\u015faat yapan i\u015fletmelere \u201c\u0130n\u015faat Taahh\u00fct \u0130\u015fletmeleri\u201d denir. Tan\u0131mdan da anla\u015f\u0131ld\u0131\u011f\u0131 \u00fczere in\u015faat taahh\u00fct i\u015fletmeleri in\u015faat yapt\u0131rmak isteyen ger\u00e7ek ve t\u00fczel ki\u015filer ad\u0131na in\u015faat yap\u0131m faaliyetlerini \u00fcstlenirler. Bu ili\u015fki i\u015fveren (in\u015faat\u0131 yapt\u0131racak ger\u00e7ek veya t\u00fczel ki\u015fi) ile in\u015faat taahh\u00fct i\u015fletmesi aras\u0131nda yap\u0131lacak bir s\u00f6zle\u015fme ile ba\u015flar.\u0130\u015fveren [&hellip;]<\/p>\n","protected":false},"author":1,"featured_media":0,"parent":296,"menu_order":0,"comment_status":"closed","ping_status":"closed","template":"","meta":{"iawp_total_views":5,"footnotes":""},"class_list":["post-335","page","type-page","status-publish","hentry"],"_links":{"self":[{"href":"https:\/\/barbarosgyg.com\/en\/wp-json\/wp\/v2\/pages\/335","targetHints":{"allow":["GET"]}}],"collection":[{"href":"https:\/\/barbarosgyg.com\/en\/wp-json\/wp\/v2\/pages"}],"about":[{"href":"https:\/\/barbarosgyg.com\/en\/wp-json\/wp\/v2\/types\/page"}],"author":[{"embeddable":true,"href":"https:\/\/barbarosgyg.com\/en\/wp-json\/wp\/v2\/users\/1"}],"replies":[{"embeddable":true,"href":"https:\/\/barbarosgyg.com\/en\/wp-json\/wp\/v2\/comments?post=335"}],"version-history":[{"count":0,"href":"https:\/\/barbarosgyg.com\/en\/wp-json\/wp\/v2\/pages\/335\/revisions"}],"up":[{"embeddable":true,"href":"https:\/\/barbarosgyg.com\/en\/wp-json\/wp\/v2\/pages\/296"}],"wp:attachment":[{"href":"https:\/\/barbarosgyg.com\/en\/wp-json\/wp\/v2\/media?parent=335"}],"curies":[{"name":"wp","href":"https:\/\/api.w.org\/{rel}","templated":true}]}}