{"id":323,"date":"2023-08-02T08:22:08","date_gmt":"2023-08-02T05:22:08","guid":{"rendered":"https:\/\/barbarosgyg.com\/?page_id=323"},"modified":"2023-09-18T02:28:47","modified_gmt":"2023-09-17T23:28:47","slug":"gayrimenkul","status":"publish","type":"page","link":"https:\/\/barbarosgyg.com\/en\/sectors-2\/real-estate-2\/","title":{"rendered":"Real Estate"},"content":{"rendered":"<div data-elementor-type=\"wp-page\" data-elementor-id=\"323\" class=\"elementor elementor-323\" data-elementor-post-type=\"page\">\n\t\t\t\t<div class=\"elementor-element elementor-element-95d12fc e-flex e-con-boxed e-con e-parent\" data-id=\"95d12fc\" data-element_type=\"container\" data-e-type=\"container\">\n\t\t\t\t\t<div class=\"e-con-inner\">\n\t\t\t\t<div class=\"elementor-element elementor-element-0f50cc3 elementor-widget elementor-widget-heading\" data-id=\"0f50cc3\" data-element_type=\"widget\" data-e-type=\"widget\" data-widget_type=\"heading.default\">\n\t\t\t\t\t<h2 class=\"elementor-heading-title elementor-size-default\">Real Estate<\/h2>\t\t\t\t<\/div>\n\t\t\t\t\t<\/div>\n\t\t\t\t<\/div>\n\t\t<div class=\"elementor-element elementor-element-d8441ec e-flex e-con-boxed e-con e-parent\" data-id=\"d8441ec\" data-element_type=\"container\" data-e-type=\"container\">\n\t\t\t\t\t<div class=\"e-con-inner\">\n\t\t<div class=\"elementor-element elementor-element-19620a7 e-flex e-con-boxed e-con e-child\" data-id=\"19620a7\" data-element_type=\"container\" data-e-type=\"container\">\n\t\t\t\t\t<div class=\"e-con-inner\">\n\t\t\t\t<div class=\"elementor-element elementor-element-bf437af elementor-widget elementor-widget-image\" data-id=\"bf437af\" data-element_type=\"widget\" data-e-type=\"widget\" data-widget_type=\"image.default\">\n\t\t\t\t\t\t\t\t\t\t\t\t\t\t\t<img fetchpriority=\"high\" decoding=\"async\" width=\"2000\" height=\"772\" src=\"https:\/\/barbarosgyg.com\/wp-content\/uploads\/2023\/08\/house-model-on-blueprints-background-engineer-contractor-office-3d-illustration.jpg\" class=\"attachment-full size-full wp-image-963\" alt=\"House model on blueprints background, engineer contractor office. 3d illustration\" srcset=\"https:\/\/barbarosgyg.com\/wp-content\/uploads\/2023\/08\/house-model-on-blueprints-background-engineer-contractor-office-3d-illustration.jpg 2000w, https:\/\/barbarosgyg.com\/wp-content\/uploads\/2023\/08\/house-model-on-blueprints-background-engineer-contractor-office-3d-illustration-300x116.jpg 300w, https:\/\/barbarosgyg.com\/wp-content\/uploads\/2023\/08\/house-model-on-blueprints-background-engineer-contractor-office-3d-illustration-1024x395.jpg 1024w, https:\/\/barbarosgyg.com\/wp-content\/uploads\/2023\/08\/house-model-on-blueprints-background-engineer-contractor-office-3d-illustration-768x296.jpg 768w, https:\/\/barbarosgyg.com\/wp-content\/uploads\/2023\/08\/house-model-on-blueprints-background-engineer-contractor-office-3d-illustration-1536x593.jpg 1536w\" sizes=\"(max-width: 2000px) 100vw, 2000px\" \/>\t\t\t\t\t\t\t\t\t\t\t\t\t\t\t<\/div>\n\t\t\t\t\t<\/div>\n\t\t\t\t<\/div>\n\t\t\t\t<div class=\"elementor-element elementor-element-490d91d elementor-widget elementor-widget-text-editor\" data-id=\"490d91d\" data-element_type=\"widget\" data-e-type=\"widget\" data-widget_type=\"text-editor.default\">\n\t\t\t\t\t\t\t\t\t<p><span style=\"font-weight: 400;\">It is our goal to make the best use of existing real estate and speed up the process of investing and disinvesting.<\/span><\/p><p><span style=\"font-weight: 400;\">In addition, we offer support in maximizing portfolio management, improving business processes and conducting technical and economic reviews at all stages of the real estate lifecycle.<\/span><\/p><p><span style=\"font-weight: 400;\">By selecting a core team of real estate experts, we provide the best service to our clients for each project. <strong>At Barbaros Investment,<\/strong> We support international projects with our real estate network.<\/span><\/p>\t\t\t\t\t\t\t\t<\/div>\n\t\t\t\t<div class=\"elementor-element elementor-element-4df79b7 elementor-widget elementor-widget-text-editor\" data-id=\"4df79b7\" data-element_type=\"widget\" data-e-type=\"widget\" data-widget_type=\"text-editor.default\">\n\t\t\t\t\t\t\t\t\t<ul><li style=\"font-weight: 400;\" aria-level=\"1\"><span style=\"font-weight: 400;\">Strategy review<\/span><\/li><li style=\"font-weight: 400;\" aria-level=\"1\"><span style=\"font-weight: 400;\">Finalizing procurement criteria<\/span><\/li><li style=\"font-weight: 400;\" aria-level=\"1\"><span style=\"font-weight: 400;\">Setting goals<\/span><\/li><li style=\"font-weight: 400;\" aria-level=\"1\"><span style=\"font-weight: 400;\">Financial projection<\/span><\/li><li style=\"font-weight: 400;\" aria-level=\"1\"><span style=\"font-weight: 400;\">Feasibility study<\/span><\/li><li style=\"font-weight: 400;\" aria-level=\"1\"><span style=\"font-weight: 400;\">Deal structuring<\/span><\/li><li style=\"font-weight: 400;\" aria-level=\"1\"><span style=\"font-weight: 400;\">Integration planning<\/span><\/li><li style=\"font-weight: 400;\" aria-level=\"1\"><span style=\"font-weight: 400;\">Market-specific due diligence<\/span><\/li><li style=\"font-weight: 400;\" aria-level=\"1\"><span style=\"font-weight: 400;\">Special investigation work for the operation<\/span><\/li><li style=\"font-weight: 400;\" aria-level=\"1\"><span style=\"font-weight: 400;\">Special review of negotiation support<\/span><\/li><li style=\"font-weight: 400;\" aria-level=\"1\"><span style=\"font-weight: 400;\">Structuring services<\/span><\/li><li style=\"font-weight: 400;\" aria-level=\"1\"><span style=\"font-weight: 400;\">Normal company or Real Estate Investment Trust (REIT) setup<\/span><\/li><\/ul>\t\t\t\t\t\t\t\t<\/div>\n\t\t\t\t\t<\/div>\n\t\t\t\t<\/div>\n\t\t\t\t<\/div>","protected":false},"excerpt":{"rendered":"<p>Gayrimenkul Mevcut gayrimenkullerin en iyi \u015fekilde kullan\u0131lmas\u0131n\u0131 sa\u011flamak ve yat\u0131r\u0131m yapma ve yat\u0131r\u0131m\u0131 azaltma s\u00fcrecini h\u0131zland\u0131rmak bizim hedefimizdir. Bununla birlikte, portf\u00f6y y\u00f6netimini en \u00fcst d\u00fczeye \u00e7\u0131karma, i\u015f s\u00fcre\u00e7lerini geli\u015ftirme ve gayrimenkul ya\u015fam d\u00f6ng\u00fcs\u00fcn\u00fcn t\u00fcm a\u015famalar\u0131nda teknik ve ekonomik incelemeler y\u00fcr\u00fctme konusunda destek sunuyoruz. Gayrimenkul uzmanlar\u0131ndan olu\u015fan \u00e7ekirdek bir ekip se\u00e7erek her proje i\u00e7in m\u00fc\u015fterilerimize en [&hellip;]<\/p>\n","protected":false},"author":1,"featured_media":0,"parent":296,"menu_order":0,"comment_status":"closed","ping_status":"closed","template":"","meta":{"iawp_total_views":11,"footnotes":""},"class_list":["post-323","page","type-page","status-publish","hentry"],"_links":{"self":[{"href":"https:\/\/barbarosgyg.com\/en\/wp-json\/wp\/v2\/pages\/323","targetHints":{"allow":["GET"]}}],"collection":[{"href":"https:\/\/barbarosgyg.com\/en\/wp-json\/wp\/v2\/pages"}],"about":[{"href":"https:\/\/barbarosgyg.com\/en\/wp-json\/wp\/v2\/types\/page"}],"author":[{"embeddable":true,"href":"https:\/\/barbarosgyg.com\/en\/wp-json\/wp\/v2\/users\/1"}],"replies":[{"embeddable":true,"href":"https:\/\/barbarosgyg.com\/en\/wp-json\/wp\/v2\/comments?post=323"}],"version-history":[{"count":0,"href":"https:\/\/barbarosgyg.com\/en\/wp-json\/wp\/v2\/pages\/323\/revisions"}],"up":[{"embeddable":true,"href":"https:\/\/barbarosgyg.com\/en\/wp-json\/wp\/v2\/pages\/296"}],"wp:attachment":[{"href":"https:\/\/barbarosgyg.com\/en\/wp-json\/wp\/v2\/media?parent=323"}],"curies":[{"name":"wp","href":"https:\/\/api.w.org\/{rel}","templated":true}]}}