{"id":311,"date":"2023-08-02T08:18:07","date_gmt":"2023-08-02T05:18:07","guid":{"rendered":"https:\/\/barbarosgyg.com\/?page_id=311"},"modified":"2023-09-18T02:27:17","modified_gmt":"2023-09-17T23:27:17","slug":"muhendislik","status":"publish","type":"page","link":"https:\/\/barbarosgyg.com\/en\/sectors-2\/engineering\/","title":{"rendered":"Engineering"},"content":{"rendered":"<div data-elementor-type=\"wp-page\" data-elementor-id=\"311\" class=\"elementor elementor-311\" data-elementor-post-type=\"page\">\n\t\t\t\t<div class=\"elementor-element elementor-element-727ae160 e-flex e-con-boxed e-con e-parent\" data-id=\"727ae160\" data-element_type=\"container\" data-e-type=\"container\">\n\t\t\t\t\t<div class=\"e-con-inner\">\n\t\t\t\t<div class=\"elementor-element elementor-element-20fe67bc elementor-widget elementor-widget-heading\" data-id=\"20fe67bc\" data-element_type=\"widget\" data-e-type=\"widget\" data-widget_type=\"heading.default\">\n\t\t\t\t\t<h2 class=\"elementor-heading-title elementor-size-default\">Engineering<\/h2>\t\t\t\t<\/div>\n\t\t\t\t\t<\/div>\n\t\t\t\t<\/div>\n\t\t<div class=\"elementor-element elementor-element-39a04d92 e-flex e-con-boxed e-con e-parent\" data-id=\"39a04d92\" data-element_type=\"container\" data-e-type=\"container\">\n\t\t\t\t\t<div class=\"e-con-inner\">\n\t\t<div class=\"elementor-element elementor-element-163ad32 e-flex e-con-boxed e-con e-child\" data-id=\"163ad32\" data-element_type=\"container\" data-e-type=\"container\">\n\t\t\t\t\t<div class=\"e-con-inner\">\n\t\t\t\t<div class=\"elementor-element elementor-element-346205a6 elementor-widget elementor-widget-image\" data-id=\"346205a6\" data-element_type=\"widget\" data-e-type=\"widget\" data-widget_type=\"image.default\">\n\t\t\t\t\t\t\t\t\t\t\t\t\t\t\t<img fetchpriority=\"high\" decoding=\"async\" width=\"2000\" height=\"667\" src=\"https:\/\/barbarosgyg.com\/wp-content\/uploads\/2023\/08\/modern-bedroom-design.jpg\" class=\"attachment-full size-full wp-image-771\" alt=\"Modern bedroom design\" srcset=\"https:\/\/barbarosgyg.com\/wp-content\/uploads\/2023\/08\/modern-bedroom-design.jpg 2000w, https:\/\/barbarosgyg.com\/wp-content\/uploads\/2023\/08\/modern-bedroom-design-300x100.jpg 300w, https:\/\/barbarosgyg.com\/wp-content\/uploads\/2023\/08\/modern-bedroom-design-1024x342.jpg 1024w, https:\/\/barbarosgyg.com\/wp-content\/uploads\/2023\/08\/modern-bedroom-design-768x256.jpg 768w, https:\/\/barbarosgyg.com\/wp-content\/uploads\/2023\/08\/modern-bedroom-design-1536x512.jpg 1536w\" sizes=\"(max-width: 2000px) 100vw, 2000px\" \/>\t\t\t\t\t\t\t\t\t\t\t\t\t\t\t<\/div>\n\t\t\t\t\t<\/div>\n\t\t\t\t<\/div>\n\t\t\t\t<div class=\"elementor-element elementor-element-32e71f38 elementor-widget elementor-widget-text-editor\" data-id=\"32e71f38\" data-element_type=\"widget\" data-e-type=\"widget\" data-widget_type=\"text-editor.default\">\n\t\t\t\t\t\t\t\t\t<p style=\"font-weight: 400;\"><span style=\"font-weight: 400;\">Engineering and design projects require the integrated and dedicated work of multiple fields. We carry out a successful integration process between all project disciplines with our experienced engineers, experts and consultants in our projects carried out in various sectors that require expertise in different fields such as static, architectural, electrical and mechanical design.<\/span><\/p>\t\t\t\t\t\t\t\t<\/div>\n\t\t\t\t\t<\/div>\n\t\t\t\t<\/div>\n\t\t\t\t<\/div>","protected":false},"excerpt":{"rendered":"<p>M\u00fchendislik M\u00fchendislik ve tasar\u0131m projeleri, birden fazla alan\u0131n entegre ve \u00f6zverili bir \u015fekilde \u00e7al\u0131\u015fmas\u0131n\u0131 gerektirir. Statik, mimari, elektrik ve mekanik tasar\u0131m gibi farkl\u0131 alanlarda uzmanl\u0131klar gerektiren ve \u00e7e\u015fitli sekt\u00f6rlerde y\u00fcr\u00fct\u00fclen projelerimizde tecr\u00fcbeli m\u00fchendislerimiz, uzmanlar\u0131m\u0131z ve dan\u0131\u015fmanlar\u0131m\u0131zla t\u00fcm proje disiplinleri aras\u0131nda ba\u015far\u0131l\u0131 bir entegrasyon s\u00fcreci y\u00fcr\u00fct\u00fcyoruz.<\/p>","protected":false},"author":1,"featured_media":0,"parent":296,"menu_order":0,"comment_status":"closed","ping_status":"closed","template":"","meta":{"iawp_total_views":5,"footnotes":""},"class_list":["post-311","page","type-page","status-publish","hentry"],"_links":{"self":[{"href":"https:\/\/barbarosgyg.com\/en\/wp-json\/wp\/v2\/pages\/311","targetHints":{"allow":["GET"]}}],"collection":[{"href":"https:\/\/barbarosgyg.com\/en\/wp-json\/wp\/v2\/pages"}],"about":[{"href":"https:\/\/barbarosgyg.com\/en\/wp-json\/wp\/v2\/types\/page"}],"author":[{"embeddable":true,"href":"https:\/\/barbarosgyg.com\/en\/wp-json\/wp\/v2\/users\/1"}],"replies":[{"embeddable":true,"href":"https:\/\/barbarosgyg.com\/en\/wp-json\/wp\/v2\/comments?post=311"}],"version-history":[{"count":0,"href":"https:\/\/barbarosgyg.com\/en\/wp-json\/wp\/v2\/pages\/311\/revisions"}],"up":[{"embeddable":true,"href":"https:\/\/barbarosgyg.com\/en\/wp-json\/wp\/v2\/pages\/296"}],"wp:attachment":[{"href":"https:\/\/barbarosgyg.com\/en\/wp-json\/wp\/v2\/media?parent=311"}],"curies":[{"name":"wp","href":"https:\/\/api.w.org\/{rel}","templated":true}]}}