{"id":296,"date":"2023-08-02T03:10:33","date_gmt":"2023-08-02T00:10:33","guid":{"rendered":"https:\/\/barbarosgyg.com\/?page_id=296"},"modified":"2023-10-30T09:59:27","modified_gmt":"2023-10-30T06:59:27","slug":"sektorler","status":"publish","type":"page","link":"https:\/\/barbarosgyg.com\/en\/sectors-2\/","title":{"rendered":"Sectors"},"content":{"rendered":"<div data-elementor-type=\"wp-page\" data-elementor-id=\"296\" class=\"elementor elementor-296\" data-elementor-post-type=\"page\">\n\t\t\t\t<div class=\"elementor-element elementor-element-37d814fa e-flex e-con-boxed e-con e-parent\" data-id=\"37d814fa\" data-element_type=\"container\" data-e-type=\"container\">\n\t\t\t\t\t<div class=\"e-con-inner\">\n\t\t<div class=\"elementor-element elementor-element-e24bf7c e-con-full e-flex e-con e-child\" data-id=\"e24bf7c\" data-element_type=\"container\" data-e-type=\"container\">\n\t\t\t\t<div class=\"elementor-element elementor-element-4c9624f1 elementor-widget__width-initial elementor-widget elementor-widget-heading\" data-id=\"4c9624f1\" data-element_type=\"widget\" data-e-type=\"widget\" data-widget_type=\"heading.default\">\n\t\t\t\t\t<h2 class=\"elementor-heading-title elementor-size-default\">Sectors<\/h2>\t\t\t\t<\/div>\n\t\t\t\t<\/div>\n\t\t\t\t\t<\/div>\n\t\t\t\t<\/div>\n\t\t<div class=\"elementor-element elementor-element-7bbf9227 e-con-full e-flex e-con e-parent\" data-id=\"7bbf9227\" data-element_type=\"container\" data-e-type=\"container\">\n\t\t\t\t<div class=\"elementor-element elementor-element-69f8c7f4 elementor-widget-divider--view-line elementor-widget elementor-widget-divider\" data-id=\"69f8c7f4\" data-element_type=\"widget\" data-e-type=\"widget\" data-widget_type=\"divider.default\">\n\t\t\t\t\t\t\t<div class=\"elementor-divider\">\n\t\t\t<span class=\"elementor-divider-separator\">\n\t\t\t\t\t\t<\/span>\n\t\t<\/div>\n\t\t\t\t\t\t<\/div>\n\t\t\t\t<\/div>\n\t\t<div class=\"elementor-element elementor-element-58bbf47b e-flex e-con-boxed e-con e-parent\" data-id=\"58bbf47b\" data-element_type=\"container\" data-e-type=\"container\">\n\t\t\t\t\t<div class=\"e-con-inner\">\n\t\t<div class=\"elementor-element elementor-element-5bb9f84a e-con-full e-flex e-con e-child\" data-id=\"5bb9f84a\" data-element_type=\"container\" data-e-type=\"container\">\n\t\t\t\t<div class=\"elementor-element elementor-element-68ebea6a elementor-position-top elementor-widget elementor-widget-image-box\" data-id=\"68ebea6a\" data-element_type=\"widget\" data-e-type=\"widget\" data-widget_type=\"image-box.default\">\n\t\t\t\t\t<div class=\"elementor-image-box-wrapper\"><figure class=\"elementor-image-box-img\"><a href=\"https:\/\/barbarosgyg.com\/en\/sectors-2\/real-estate-2\/\" tabindex=\"-1\"><img fetchpriority=\"high\" decoding=\"async\" width=\"2000\" height=\"2000\" src=\"https:\/\/barbarosgyg.com\/wp-content\/uploads\/2023\/08\/abstract-futuristic-cityscape-view-with-modern-skyscrapers-hong-kong.jpg\" class=\"attachment-full size-full wp-image-721\" alt=\"Abstract futuristic cityscape view with modern skyscrapers. Hong Kong\" srcset=\"https:\/\/barbarosgyg.com\/wp-content\/uploads\/2023\/08\/abstract-futuristic-cityscape-view-with-modern-skyscrapers-hong-kong.jpg 2000w, https:\/\/barbarosgyg.com\/wp-content\/uploads\/2023\/08\/abstract-futuristic-cityscape-view-with-modern-skyscrapers-hong-kong-300x300.jpg 300w, https:\/\/barbarosgyg.com\/wp-content\/uploads\/2023\/08\/abstract-futuristic-cityscape-view-with-modern-skyscrapers-hong-kong-1024x1024.jpg 1024w, https:\/\/barbarosgyg.com\/wp-content\/uploads\/2023\/08\/abstract-futuristic-cityscape-view-with-modern-skyscrapers-hong-kong-150x150.jpg 150w, https:\/\/barbarosgyg.com\/wp-content\/uploads\/2023\/08\/abstract-futuristic-cityscape-view-with-modern-skyscrapers-hong-kong-768x768.jpg 768w, https:\/\/barbarosgyg.com\/wp-content\/uploads\/2023\/08\/abstract-futuristic-cityscape-view-with-modern-skyscrapers-hong-kong-1536x1536.jpg 1536w\" sizes=\"(max-width: 2000px) 100vw, 2000px\" \/><\/a><\/figure><div class=\"elementor-image-box-content\"><h3 class=\"elementor-image-box-title\"><a href=\"https:\/\/barbarosgyg.com\/en\/sectors-2\/real-estate-2\/\">Real Estate<\/a><\/h3><p class=\"elementor-image-box-description\">Barbaros Investment provides real estate strategy, operations, financial and legal advice.<\/p><\/div><\/div>\t\t\t\t<\/div>\n\t\t\t\t<div class=\"elementor-element elementor-element-132fd9a elementor-align-left elementor-widget elementor-widget-button\" data-id=\"132fd9a\" data-element_type=\"widget\" data-e-type=\"widget\" data-widget_type=\"button.default\">\n\t\t\t\t\t\t\t\t\t\t<a class=\"elementor-button elementor-button-link elementor-size-sm\" href=\"https:\/\/barbarosgyg.com\/en\/sectors-2\/real-estate-2\/\">\n\t\t\t\t\t\t<span class=\"elementor-button-content-wrapper\">\n\t\t\t\t\t\t\t\t\t<span class=\"elementor-button-text\">Explore<\/span>\n\t\t\t\t\t<\/span>\n\t\t\t\t\t<\/a>\n\t\t\t\t\t\t\t\t<\/div>\n\t\t\t\t<\/div>\n\t\t<div class=\"elementor-element elementor-element-3ff11ac6 e-con-full e-flex e-con e-child\" data-id=\"3ff11ac6\" data-element_type=\"container\" data-e-type=\"container\">\n\t\t\t\t<div class=\"elementor-element elementor-element-adeee94 elementor-position-top elementor-widget elementor-widget-image-box\" data-id=\"adeee94\" data-element_type=\"widget\" data-e-type=\"widget\" data-widget_type=\"image-box.default\">\n\t\t\t\t\t<div class=\"elementor-image-box-wrapper\"><figure class=\"elementor-image-box-img\"><a href=\"https:\/\/barbarosgyg.com\/en\/sectors-2\/engineering\/\" tabindex=\"-1\"><img decoding=\"async\" width=\"2000\" height=\"2000\" src=\"https:\/\/barbarosgyg.com\/wp-content\/uploads\/2023\/08\/construction-planning-drawings.jpg\" class=\"attachment-full size-full wp-image-722\" alt=\"Construction planning drawings\" srcset=\"https:\/\/barbarosgyg.com\/wp-content\/uploads\/2023\/08\/construction-planning-drawings.jpg 2000w, https:\/\/barbarosgyg.com\/wp-content\/uploads\/2023\/08\/construction-planning-drawings-300x300.jpg 300w, https:\/\/barbarosgyg.com\/wp-content\/uploads\/2023\/08\/construction-planning-drawings-1024x1024.jpg 1024w, https:\/\/barbarosgyg.com\/wp-content\/uploads\/2023\/08\/construction-planning-drawings-150x150.jpg 150w, https:\/\/barbarosgyg.com\/wp-content\/uploads\/2023\/08\/construction-planning-drawings-768x768.jpg 768w, https:\/\/barbarosgyg.com\/wp-content\/uploads\/2023\/08\/construction-planning-drawings-1536x1536.jpg 1536w\" sizes=\"(max-width: 2000px) 100vw, 2000px\" \/><\/a><\/figure><div class=\"elementor-image-box-content\"><h3 class=\"elementor-image-box-title\"><a href=\"https:\/\/barbarosgyg.com\/en\/sectors-2\/engineering\/\">Engineering<\/a><\/h3><p class=\"elementor-image-box-description\">\"Barbaros Investment provides integrated engineering, design and project management.\"<\/p><\/div><\/div>\t\t\t\t<\/div>\n\t\t\t\t<div class=\"elementor-element elementor-element-15adedae elementor-align-left elementor-widget elementor-widget-button\" data-id=\"15adedae\" data-element_type=\"widget\" data-e-type=\"widget\" data-widget_type=\"button.default\">\n\t\t\t\t\t\t\t\t\t\t<a class=\"elementor-button elementor-button-link elementor-size-sm\" href=\"https:\/\/barbarosgyg.com\/en\/sectors-2\/engineering\/\">\n\t\t\t\t\t\t<span class=\"elementor-button-content-wrapper\">\n\t\t\t\t\t\t\t\t\t<span class=\"elementor-button-text\">Explore<\/span>\n\t\t\t\t\t<\/span>\n\t\t\t\t\t<\/a>\n\t\t\t\t\t\t\t\t<\/div>\n\t\t\t\t<\/div>\n\t\t<div class=\"elementor-element elementor-element-79189bb3 e-con-full e-flex e-con e-child\" data-id=\"79189bb3\" data-element_type=\"container\" data-e-type=\"container\">\n\t\t\t\t<div class=\"elementor-element elementor-element-a5a40ed elementor-position-top elementor-widget elementor-widget-image-box\" data-id=\"a5a40ed\" data-element_type=\"widget\" data-e-type=\"widget\" data-widget_type=\"image-box.default\">\n\t\t\t\t\t<div class=\"elementor-image-box-wrapper\"><figure class=\"elementor-image-box-img\"><a href=\"https:\/\/barbarosgyg.com\/en\/sectors-2\/taahhut\/\" tabindex=\"-1\"><img decoding=\"async\" width=\"2000\" height=\"2000\" src=\"https:\/\/barbarosgyg.com\/wp-content\/uploads\/2023\/08\/business-discussion-talking-deal-concept.jpg\" class=\"attachment-full size-full wp-image-723\" alt=\"Business Discussion Talking Deal Concept\" srcset=\"https:\/\/barbarosgyg.com\/wp-content\/uploads\/2023\/08\/business-discussion-talking-deal-concept.jpg 2000w, https:\/\/barbarosgyg.com\/wp-content\/uploads\/2023\/08\/business-discussion-talking-deal-concept-300x300.jpg 300w, https:\/\/barbarosgyg.com\/wp-content\/uploads\/2023\/08\/business-discussion-talking-deal-concept-1024x1024.jpg 1024w, https:\/\/barbarosgyg.com\/wp-content\/uploads\/2023\/08\/business-discussion-talking-deal-concept-150x150.jpg 150w, https:\/\/barbarosgyg.com\/wp-content\/uploads\/2023\/08\/business-discussion-talking-deal-concept-768x768.jpg 768w, https:\/\/barbarosgyg.com\/wp-content\/uploads\/2023\/08\/business-discussion-talking-deal-concept-1536x1536.jpg 1536w\" sizes=\"(max-width: 2000px) 100vw, 2000px\" \/><\/a><\/figure><div class=\"elementor-image-box-content\"><h3 class=\"elementor-image-box-title\"><a href=\"https:\/\/barbarosgyg.com\/en\/sectors-2\/taahhut\/\">Commitment<\/a><\/h3><p class=\"elementor-image-box-description\">Barbaros Investment provides effective construction contracting, planning and project management.<\/p><\/div><\/div>\t\t\t\t<\/div>\n\t\t\t\t<div class=\"elementor-element elementor-element-18c58c6c elementor-align-left elementor-widget elementor-widget-button\" data-id=\"18c58c6c\" data-element_type=\"widget\" data-e-type=\"widget\" data-widget_type=\"button.default\">\n\t\t\t\t\t\t\t\t\t\t<a class=\"elementor-button elementor-button-link elementor-size-sm\" href=\"https:\/\/barbarosgyg.com\/en\/sectors-2\/taahhut\/\">\n\t\t\t\t\t\t<span class=\"elementor-button-content-wrapper\">\n\t\t\t\t\t\t\t\t\t<span class=\"elementor-button-text\">Explore<\/span>\n\t\t\t\t\t<\/span>\n\t\t\t\t\t<\/a>\n\t\t\t\t\t\t\t\t<\/div>\n\t\t\t\t<\/div>\n\t\t\t\t\t<\/div>\n\t\t\t\t<\/div>\n\t\t\t\t<\/div>","protected":false},"excerpt":{"rendered":"<p>Sekt\u00f6rler Gayrimenkul Barbaros Yat\u0131r\u0131m; gayrimenkul stratejisi, operasyon, finansal ve yasal dan\u0131\u015fmanl\u0131k sa\u011flar. Ke\u015ffet M\u00fchendislik &#8220;Barbaros Yat\u0131r\u0131m; entegre m\u00fchendislik, tasar\u0131m ve proje y\u00f6netimi sa\u011flar.&#8221; Ke\u015ffet Taahh\u00fct Barbaros Yat\u0131r\u0131m; etkin in\u015faat taahh\u00fct\u00fc, planlama ve proje y\u00f6netimi sa\u011flar. Ke\u015ffet<\/p>","protected":false},"author":1,"featured_media":0,"parent":0,"menu_order":0,"comment_status":"closed","ping_status":"closed","template":"","meta":{"iawp_total_views":5,"footnotes":""},"class_list":["post-296","page","type-page","status-publish","hentry"],"_links":{"self":[{"href":"https:\/\/barbarosgyg.com\/en\/wp-json\/wp\/v2\/pages\/296","targetHints":{"allow":["GET"]}}],"collection":[{"href":"https:\/\/barbarosgyg.com\/en\/wp-json\/wp\/v2\/pages"}],"about":[{"href":"https:\/\/barbarosgyg.com\/en\/wp-json\/wp\/v2\/types\/page"}],"author":[{"embeddable":true,"href":"https:\/\/barbarosgyg.com\/en\/wp-json\/wp\/v2\/users\/1"}],"replies":[{"embeddable":true,"href":"https:\/\/barbarosgyg.com\/en\/wp-json\/wp\/v2\/comments?post=296"}],"version-history":[{"count":0,"href":"https:\/\/barbarosgyg.com\/en\/wp-json\/wp\/v2\/pages\/296\/revisions"}],"wp:attachment":[{"href":"https:\/\/barbarosgyg.com\/en\/wp-json\/wp\/v2\/media?parent=296"}],"curies":[{"name":"wp","href":"https:\/\/api.w.org\/{rel}","templated":true}]}}