{"id":287,"date":"2023-08-02T02:58:11","date_gmt":"2023-08-01T23:58:11","guid":{"rendered":"https:\/\/barbarosgyg.com\/?page_id=287"},"modified":"2023-10-30T09:57:40","modified_gmt":"2023-10-30T06:57:40","slug":"hizmetler","status":"publish","type":"page","link":"https:\/\/barbarosgyg.com\/en\/hizmetler\/","title":{"rendered":"Services"},"content":{"rendered":"<div data-elementor-type=\"wp-page\" data-elementor-id=\"287\" class=\"elementor elementor-287\" data-elementor-post-type=\"page\">\n\t\t\t\t<div class=\"elementor-element elementor-element-d126be0 e-flex e-con-boxed e-con e-parent\" data-id=\"d126be0\" data-element_type=\"container\" data-e-type=\"container\">\n\t\t\t\t\t<div class=\"e-con-inner\">\n\t\t<div class=\"elementor-element elementor-element-1349879 e-con-full e-flex e-con e-child\" data-id=\"1349879\" data-element_type=\"container\" data-e-type=\"container\">\n\t\t\t\t<div class=\"elementor-element elementor-element-7733481f elementor-widget elementor-widget-heading\" data-id=\"7733481f\" data-element_type=\"widget\" data-e-type=\"widget\" data-widget_type=\"heading.default\">\n\t\t\t\t\t<h2 class=\"elementor-heading-title elementor-size-default\">Our Services<\/h2>\t\t\t\t<\/div>\n\t\t\t\t<\/div>\n\t\t\t\t\t<\/div>\n\t\t\t\t<\/div>\n\t\t<div class=\"elementor-element elementor-element-a595c53 e-con-full e-flex e-con e-parent\" data-id=\"a595c53\" data-element_type=\"container\" data-e-type=\"container\">\n\t\t\t\t<div class=\"elementor-element elementor-element-42280782 elementor-widget-divider--view-line elementor-widget elementor-widget-divider\" data-id=\"42280782\" data-element_type=\"widget\" data-e-type=\"widget\" data-widget_type=\"divider.default\">\n\t\t\t\t\t\t\t<div class=\"elementor-divider\">\n\t\t\t<span class=\"elementor-divider-separator\">\n\t\t\t\t\t\t<\/span>\n\t\t<\/div>\n\t\t\t\t\t\t<\/div>\n\t\t\t\t<\/div>\n\t\t<div class=\"elementor-element elementor-element-72c1d5d9 e-flex e-con-boxed e-con e-parent\" data-id=\"72c1d5d9\" data-element_type=\"container\" data-e-type=\"container\">\n\t\t\t\t\t<div class=\"e-con-inner\">\n\t\t<div class=\"elementor-element elementor-element-4774a508 e-con-full e-flex e-con e-child\" data-id=\"4774a508\" data-element_type=\"container\" data-e-type=\"container\">\n\t\t\t\t<div class=\"elementor-element elementor-element-37bd8b78 elementor-position-top elementor-widget elementor-widget-image-box\" data-id=\"37bd8b78\" data-element_type=\"widget\" data-e-type=\"widget\" data-widget_type=\"image-box.default\">\n\t\t\t\t\t<div class=\"elementor-image-box-wrapper\"><figure class=\"elementor-image-box-img\"><a href=\"https:\/\/barbarosgyg.com\/en\/hizmetler\/real-estate-development-2\/\" tabindex=\"-1\"><img fetchpriority=\"high\" decoding=\"async\" width=\"2000\" height=\"2000\" src=\"https:\/\/barbarosgyg.com\/wp-content\/uploads\/2023\/08\/futuristic-cityscape-view-with-modern-skyscrapers-hong-kong.jpg\" class=\"attachment-full size-full wp-image-717\" alt=\"Futuristic cityscape view with modern skyscrapers. Hong Kong\" srcset=\"https:\/\/barbarosgyg.com\/wp-content\/uploads\/2023\/08\/futuristic-cityscape-view-with-modern-skyscrapers-hong-kong.jpg 2000w, https:\/\/barbarosgyg.com\/wp-content\/uploads\/2023\/08\/futuristic-cityscape-view-with-modern-skyscrapers-hong-kong-300x300.jpg 300w, https:\/\/barbarosgyg.com\/wp-content\/uploads\/2023\/08\/futuristic-cityscape-view-with-modern-skyscrapers-hong-kong-1024x1024.jpg 1024w, https:\/\/barbarosgyg.com\/wp-content\/uploads\/2023\/08\/futuristic-cityscape-view-with-modern-skyscrapers-hong-kong-150x150.jpg 150w, https:\/\/barbarosgyg.com\/wp-content\/uploads\/2023\/08\/futuristic-cityscape-view-with-modern-skyscrapers-hong-kong-768x768.jpg 768w, https:\/\/barbarosgyg.com\/wp-content\/uploads\/2023\/08\/futuristic-cityscape-view-with-modern-skyscrapers-hong-kong-1536x1536.jpg 1536w\" sizes=\"(max-width: 2000px) 100vw, 2000px\" \/><\/a><\/figure><div class=\"elementor-image-box-content\"><h3 class=\"elementor-image-box-title\"><a href=\"https:\/\/barbarosgyg.com\/en\/hizmetler\/real-estate-development-2\/\">Real Estate Development<\/a><\/h3><p class=\"elementor-image-box-description\">Barbaros Investment provides real estate development, analysis and financing.<\/p><\/div><\/div>\t\t\t\t<\/div>\n\t\t\t\t<div class=\"elementor-element elementor-element-528eda48 elementor-align-center elementor-widget elementor-widget-button\" data-id=\"528eda48\" data-element_type=\"widget\" data-e-type=\"widget\" data-widget_type=\"button.default\">\n\t\t\t\t\t\t\t\t\t\t<a class=\"elementor-button elementor-button-link elementor-size-sm\" href=\"https:\/\/barbarosgyg.com\/en\/hizmetler\/real-estate-development-2\/\">\n\t\t\t\t\t\t<span class=\"elementor-button-content-wrapper\">\n\t\t\t\t\t\t\t\t\t<span class=\"elementor-button-text\">Explore<\/span>\n\t\t\t\t\t<\/span>\n\t\t\t\t\t<\/a>\n\t\t\t\t\t\t\t\t<\/div>\n\t\t\t\t<\/div>\n\t\t<div class=\"elementor-element elementor-element-7737cc5 e-con-full e-flex e-con e-child\" data-id=\"7737cc5\" data-element_type=\"container\" data-e-type=\"container\">\n\t\t\t\t<div class=\"elementor-element elementor-element-6c602380 elementor-position-top elementor-widget elementor-widget-image-box\" data-id=\"6c602380\" data-element_type=\"widget\" data-e-type=\"widget\" data-widget_type=\"image-box.default\">\n\t\t\t\t\t<div class=\"elementor-image-box-wrapper\"><figure class=\"elementor-image-box-img\"><a href=\"https:\/\/barbarosgyg.com\/en\/hizmetler\/gayrimenkul-yatirim\/\" tabindex=\"-1\"><img decoding=\"async\" width=\"2000\" height=\"2000\" src=\"https:\/\/barbarosgyg.com\/wp-content\/uploads\/2023\/08\/real-estate-agency-couple-looking-at-a-model-of-their-new-home.jpg\" class=\"attachment-full size-full wp-image-718\" alt=\"Real Estate Agency. Couple Looking at a Model of Their New Home\" srcset=\"https:\/\/barbarosgyg.com\/wp-content\/uploads\/2023\/08\/real-estate-agency-couple-looking-at-a-model-of-their-new-home.jpg 2000w, https:\/\/barbarosgyg.com\/wp-content\/uploads\/2023\/08\/real-estate-agency-couple-looking-at-a-model-of-their-new-home-300x300.jpg 300w, https:\/\/barbarosgyg.com\/wp-content\/uploads\/2023\/08\/real-estate-agency-couple-looking-at-a-model-of-their-new-home-1024x1024.jpg 1024w, https:\/\/barbarosgyg.com\/wp-content\/uploads\/2023\/08\/real-estate-agency-couple-looking-at-a-model-of-their-new-home-150x150.jpg 150w, https:\/\/barbarosgyg.com\/wp-content\/uploads\/2023\/08\/real-estate-agency-couple-looking-at-a-model-of-their-new-home-768x768.jpg 768w, https:\/\/barbarosgyg.com\/wp-content\/uploads\/2023\/08\/real-estate-agency-couple-looking-at-a-model-of-their-new-home-1536x1536.jpg 1536w\" sizes=\"(max-width: 2000px) 100vw, 2000px\" \/><\/a><\/figure><div class=\"elementor-image-box-content\"><h3 class=\"elementor-image-box-title\"><a href=\"https:\/\/barbarosgyg.com\/en\/hizmetler\/gayrimenkul-yatirim\/\">Real Estate Investment<\/a><\/h3><p class=\"elementor-image-box-description\">Barbaros Investment provides real estate acquisition, yield guidance and risk analysis.<\/p><\/div><\/div>\t\t\t\t<\/div>\n\t\t\t\t<div class=\"elementor-element elementor-element-ecc6e61 elementor-align-center elementor-widget elementor-widget-button\" data-id=\"ecc6e61\" data-element_type=\"widget\" data-e-type=\"widget\" data-widget_type=\"button.default\">\n\t\t\t\t\t\t\t\t\t\t<a class=\"elementor-button elementor-button-link elementor-size-sm\" href=\"https:\/\/barbarosgyg.com\/en\/hizmetler\/gayrimenkul-yatirim\/\">\n\t\t\t\t\t\t<span class=\"elementor-button-content-wrapper\">\n\t\t\t\t\t\t\t\t\t<span class=\"elementor-button-text\">Explore<\/span>\n\t\t\t\t\t<\/span>\n\t\t\t\t\t<\/a>\n\t\t\t\t\t\t\t\t<\/div>\n\t\t\t\t<\/div>\n\t\t<div class=\"elementor-element elementor-element-1514a9f e-con-full e-flex e-con e-child\" data-id=\"1514a9f\" data-element_type=\"container\" data-e-type=\"container\">\n\t\t\t\t<div class=\"elementor-element elementor-element-6d4e664 elementor-position-top elementor-widget elementor-widget-image-box\" data-id=\"6d4e664\" data-element_type=\"widget\" data-e-type=\"widget\" data-widget_type=\"image-box.default\">\n\t\t\t\t\t<div class=\"elementor-image-box-wrapper\"><figure class=\"elementor-image-box-img\"><a href=\"https:\/\/barbarosgyg.com\/en\/hizmetler\/facility-management\/\" tabindex=\"-1\"><img decoding=\"async\" width=\"2000\" height=\"2000\" src=\"https:\/\/barbarosgyg.com\/wp-content\/uploads\/2023\/08\/tablet-office-and-business-woman-in-portrait-for-website-management-human-resources-innovation-an.jpg\" class=\"attachment-full size-full wp-image-719\" alt=\"Tablet, office and business woman in portrait for website management, Human Resources innovation an\" srcset=\"https:\/\/barbarosgyg.com\/wp-content\/uploads\/2023\/08\/tablet-office-and-business-woman-in-portrait-for-website-management-human-resources-innovation-an.jpg 2000w, https:\/\/barbarosgyg.com\/wp-content\/uploads\/2023\/08\/tablet-office-and-business-woman-in-portrait-for-website-management-human-resources-innovation-an-300x300.jpg 300w, https:\/\/barbarosgyg.com\/wp-content\/uploads\/2023\/08\/tablet-office-and-business-woman-in-portrait-for-website-management-human-resources-innovation-an-1024x1024.jpg 1024w, https:\/\/barbarosgyg.com\/wp-content\/uploads\/2023\/08\/tablet-office-and-business-woman-in-portrait-for-website-management-human-resources-innovation-an-150x150.jpg 150w, https:\/\/barbarosgyg.com\/wp-content\/uploads\/2023\/08\/tablet-office-and-business-woman-in-portrait-for-website-management-human-resources-innovation-an-768x768.jpg 768w, https:\/\/barbarosgyg.com\/wp-content\/uploads\/2023\/08\/tablet-office-and-business-woman-in-portrait-for-website-management-human-resources-innovation-an-1536x1536.jpg 1536w\" sizes=\"(max-width: 2000px) 100vw, 2000px\" \/><\/a><\/figure><div class=\"elementor-image-box-content\"><h3 class=\"elementor-image-box-title\"><a href=\"https:\/\/barbarosgyg.com\/en\/hizmetler\/facility-management\/\">Facility Management<\/a><\/h3><p class=\"elementor-image-box-description\">Optimize your facilities with Barbaros Investment; experience efficiency, comfort and perfection together.<\/p><\/div><\/div>\t\t\t\t<\/div>\n\t\t\t\t<div class=\"elementor-element elementor-element-56a2ed5b elementor-align-center elementor-widget elementor-widget-button\" data-id=\"56a2ed5b\" data-element_type=\"widget\" data-e-type=\"widget\" data-widget_type=\"button.default\">\n\t\t\t\t\t\t\t\t\t\t<a class=\"elementor-button elementor-button-link elementor-size-sm\" href=\"https:\/\/barbarosgyg.com\/en\/hizmetler\/facility-management\/\">\n\t\t\t\t\t\t<span class=\"elementor-button-content-wrapper\">\n\t\t\t\t\t\t\t\t\t<span class=\"elementor-button-text\">Explore<\/span>\n\t\t\t\t\t<\/span>\n\t\t\t\t\t<\/a>\n\t\t\t\t\t\t\t\t<\/div>\n\t\t\t\t<\/div>\n\t\t<div class=\"elementor-element elementor-element-23ba9776 e-con-full e-flex e-con e-child\" data-id=\"23ba9776\" data-element_type=\"container\" data-e-type=\"container\">\n\t\t\t\t<div class=\"elementor-element elementor-element-5f9f535c elementor-position-top elementor-widget elementor-widget-image-box\" data-id=\"5f9f535c\" data-element_type=\"widget\" data-e-type=\"widget\" data-widget_type=\"image-box.default\">\n\t\t\t\t\t<div class=\"elementor-image-box-wrapper\"><figure class=\"elementor-image-box-img\"><a href=\"https:\/\/barbarosgyg.com\/en\/hizmetler\/engineering-and-design\/\" tabindex=\"-1\"><img loading=\"lazy\" decoding=\"async\" width=\"2000\" height=\"2000\" src=\"https:\/\/barbarosgyg.com\/wp-content\/uploads\/2023\/08\/construction-worker-planning-constractor-developer-concept.jpg\" class=\"attachment-full size-full wp-image-720\" alt=\"Construction Worker Planning Constractor Developer Concept\" srcset=\"https:\/\/barbarosgyg.com\/wp-content\/uploads\/2023\/08\/construction-worker-planning-constractor-developer-concept.jpg 2000w, https:\/\/barbarosgyg.com\/wp-content\/uploads\/2023\/08\/construction-worker-planning-constractor-developer-concept-300x300.jpg 300w, https:\/\/barbarosgyg.com\/wp-content\/uploads\/2023\/08\/construction-worker-planning-constractor-developer-concept-1024x1024.jpg 1024w, https:\/\/barbarosgyg.com\/wp-content\/uploads\/2023\/08\/construction-worker-planning-constractor-developer-concept-150x150.jpg 150w, https:\/\/barbarosgyg.com\/wp-content\/uploads\/2023\/08\/construction-worker-planning-constractor-developer-concept-768x768.jpg 768w, https:\/\/barbarosgyg.com\/wp-content\/uploads\/2023\/08\/construction-worker-planning-constractor-developer-concept-1536x1536.jpg 1536w\" sizes=\"(max-width: 2000px) 100vw, 2000px\" \/><\/a><\/figure><div class=\"elementor-image-box-content\"><h3 class=\"elementor-image-box-title\"><a href=\"https:\/\/barbarosgyg.com\/en\/hizmetler\/engineering-and-design\/\">M\u00fchendislik Ve Tasar\u0131m<\/a><\/h3><p class=\"elementor-image-box-description\">Barbaros Investment provides project design, licenses, supervision and construction site control.<\/p><\/div><\/div>\t\t\t\t<\/div>\n\t\t\t\t<div class=\"elementor-element elementor-element-7b115a51 elementor-align-center elementor-widget elementor-widget-button\" data-id=\"7b115a51\" data-element_type=\"widget\" data-e-type=\"widget\" data-widget_type=\"button.default\">\n\t\t\t\t\t\t\t\t\t\t<a class=\"elementor-button elementor-button-link elementor-size-sm\" href=\"https:\/\/barbarosgyg.com\/en\/hizmetler\/engineering-and-design\/\">\n\t\t\t\t\t\t<span class=\"elementor-button-content-wrapper\">\n\t\t\t\t\t\t\t\t\t<span class=\"elementor-button-text\">Explore<\/span>\n\t\t\t\t\t<\/span>\n\t\t\t\t\t<\/a>\n\t\t\t\t\t\t\t\t<\/div>\n\t\t\t\t<\/div>\n\t\t\t\t\t<\/div>\n\t\t\t\t<\/div>\n\t\t\t\t<\/div>","protected":false},"excerpt":{"rendered":"<p>Hizmetlerimiz Gayrimenkul Geli\u015ftirme Barbaros Yat\u0131r\u0131m; gayrimenkul geli\u015ftirme, analiz ve finansman sa\u011flar. Ke\u015ffet Gayrimenkul Yat\u0131r\u0131m Barbaros Yat\u0131r\u0131m; gayrimenkul edinim, getiri y\u00f6nlendirmesi ve risk analizi sa\u011flar. Ke\u015ffet Tesis Y\u00f6netimi Barbaros Yat\u0131r\u0131m ile tesislerinizi optimize edin; verimlilik, konfor ve m\u00fckemmeliyeti bir arada ya\u015fay\u0131n. Ke\u015ffet M\u00fchendislik Ve Tasar\u0131m Barbaros Yat\u0131r\u0131m; proje tasar\u0131m\u0131, ruhsatlar, denetim ve \u015fantiye kontrol\u00fc sa\u011flar. Ke\u015ffet<\/p>","protected":false},"author":1,"featured_media":0,"parent":0,"menu_order":0,"comment_status":"closed","ping_status":"closed","template":"","meta":{"iawp_total_views":3,"footnotes":""},"class_list":["post-287","page","type-page","status-publish","hentry"],"_links":{"self":[{"href":"https:\/\/barbarosgyg.com\/en\/wp-json\/wp\/v2\/pages\/287","targetHints":{"allow":["GET"]}}],"collection":[{"href":"https:\/\/barbarosgyg.com\/en\/wp-json\/wp\/v2\/pages"}],"about":[{"href":"https:\/\/barbarosgyg.com\/en\/wp-json\/wp\/v2\/types\/page"}],"author":[{"embeddable":true,"href":"https:\/\/barbarosgyg.com\/en\/wp-json\/wp\/v2\/users\/1"}],"replies":[{"embeddable":true,"href":"https:\/\/barbarosgyg.com\/en\/wp-json\/wp\/v2\/comments?post=287"}],"version-history":[{"count":0,"href":"https:\/\/barbarosgyg.com\/en\/wp-json\/wp\/v2\/pages\/287\/revisions"}],"wp:attachment":[{"href":"https:\/\/barbarosgyg.com\/en\/wp-json\/wp\/v2\/media?parent=287"}],"curies":[{"name":"wp","href":"https:\/\/api.w.org\/{rel}","templated":true}]}}